{"id":2310,"date":"2018-09-20T19:24:48","date_gmt":"2018-09-20T23:24:48","guid":{"rendered":"https:\/\/opanlcom-cp6.wordpresstemporal.com\/JID\/?page_id=2310"},"modified":"2018-09-20T19:28:09","modified_gmt":"2018-09-20T23:28:09","slug":"historical-background","status":"publish","type":"page","link":"https:\/\/jid.org\/pt\/historical-background\/","title":{"rendered":"Contexto hist\u00f3rico"},"content":{"rendered":"<style>.wp-caption-text {font-size: 70%;}<\/style>\n<figure id=\"attachment_511\" aria-describedby=\"caption-attachment-511\" style=\"width: 286px\" class=\"wp-caption alignright\"><img fetchpriority=\"high\" decoding=\"async\" class=\"wp-image-511 size-medium\" src=\".\/wp-content\/uploads\/2018\/02\/Casa_do_Soldado_1924-286x300.jpg\" alt=\"\" width=\"286\" height=\"300\" srcset=\"https:\/\/jid.org\/wp-content\/uploads\/2018\/02\/Casa_do_Soldado_1924-286x300.jpg 286w, https:\/\/jid.org\/wp-content\/uploads\/2018\/02\/Casa_do_Soldado_1924.jpg 681w\" sizes=\"(max-width: 286px) 100vw, 286px\" \/><figcaption id=\"caption-attachment-511\" class=\"wp-caption-text\">Casa do Soldado, atual sede da Junta Interamericana de Defesa (1924).<\/figcaption><\/figure>\n<p style=\"text-align: justify;\">A Junta Interamericana de Defesa (JID) foi criada pela primeira vez no Rio de Janeiro, Brasil, durante a Terceira Reuni\u00e3o de Consulta dos Ministros das Rela\u00e7\u00f5es Exteriores das 21 Rep\u00fablicas Americanas, que ent\u00e3o faziam parte da Uni\u00e3o Pan-Americana, segundo Resolu\u00e7\u00e3o n\u00ba XXXIX, de 28 de janeiro de 1942.<\/p>\n<p>Como primeiro passo para a implementa\u00e7\u00e3o dessa Resolu\u00e7\u00e3o, o Conselho Diretor da Uni\u00e3o Pan-Americana confiou a tarefa de especificar a especialidade dos oficiais que integrariam a JID, bem como o local onde deveria ser instalada, a uma Comiss\u00e3o Especial composta dos Embaixadores do Brasil, Venezuela e Panam\u00e1 nos Estados Unidos. <\/p>\n<p>A Comiss\u00e3o Especial prop\u00f4s que um grupo de t\u00e9cnicos do Ex\u00e9rcito, da Marinha e da Aeron\u00e1utica integrasse tamb\u00e9m o quadro da JID. Todos eles foram nomeados pelos governos membros da Uni\u00e3o Pan-Americana para estudar e sugerir a defesa do continente, devido \u00e0 amea\u00e7a representada pelas pot\u00eancias do Eixo na Segunda Guerra Mundial.<\/p>\n<p>Enquanto isso, o Diretor do Conselho Diretor da Uni\u00e3o Pan-Americana determinou que a sess\u00e3o inaugural da JID fosse realizada em 30 de mar\u00e7o de 1942, no Sal\u00e3o das Am\u00e9ricas da Uni\u00e3o Pan-Americana, em Washington DC, Estados Unidos. (hoje Edif\u00edcio Principal da OEA). Nesse local foi estabelecida a sede provis\u00f3ria da Junta Interamericana de Defesa. Por sua vez, a referida data \u00e9 reconhecida como aquela em que a Junta Interamericana de Defesa foi formalmente constitu\u00edda.<\/p>\n<p>Poucos meses ap\u00f3s a sess\u00e3o inaugural, o Conselho instalou-se no Edif\u00edcio da Reserva Federal, onde manteve as suas atividades at\u00e9 setembro de 1944. Nessa altura, transferiu a sua sede permanente para o Novo Edif\u00edcio do Departamento de Guerra, onde permaneceu at\u00e9 1949.<\/p>\n<p>Em agosto de 1949, a JID foi instalada no chamado \u201cRose Palace\u201d, localizado na esquina da Rua 16 com a Rua Euclides, em Washington DC, onde realizou sua primeira reuni\u00e3o em 11 de outubro de 1949.<\/p>\n<p>A Diretoria reformou seu regulamento em 12 de junho de 1951 e estabeleceu uma estrutura com uma Presid\u00eancia, um Vice-Presidente, um Conselho de Delegados, como \u00f3rg\u00e3o de governo; um Estado-Maior, como \u00f3rg\u00e3o de trabalho t\u00e9cnico e uma Secretaria, como \u00f3rg\u00e3o administrativo.<\/p>\n<figure id=\"attachment_518\" aria-describedby=\"caption-attachment-518\" style=\"width: 300px\" class=\"wp-caption alignleft\"><img decoding=\"async\" class=\"size-medium wp-image-518\" src=\".\/wp-content\/uploads\/2018\/02\/Salao_de_bandeiras_1924_A-300x208.jpg\" alt=\"\" width=\"300\" height=\"208\" srcset=\"https:\/\/jid.org\/wp-content\/uploads\/2018\/02\/Salao_de_bandeiras_1924_A-300x208.jpg 300w, https:\/\/jid.org\/wp-content\/uploads\/2018\/02\/Salao_de_bandeiras_1924_A-768x533.jpg 768w, https:\/\/jid.org\/wp-content\/uploads\/2018\/02\/Salao_de_bandeiras_1924_A-392x272.jpg 392w, https:\/\/jid.org\/wp-content\/uploads\/2018\/02\/Salao_de_bandeiras_1924_A-130x90.jpg 130w, https:\/\/jid.org\/wp-content\/uploads\/2018\/02\/Salao_de_bandeiras_1924_A.jpg 989w\" sizes=\"(max-width: 300px) 100vw, 300px\" \/><figcaption id=\"caption-attachment-518\" class=\"wp-caption-text\">Interior do \u201cPal\u00e1cio Rosado\u201d, em 1924 (Sala das Bandeiras)<\/figcaption><\/figure>\n<p style=\"text-align: justify;\">Diante da necessidade de ampliar a doutrina e o conhecimento sobre seguran\u00e7a e defesa do Hemisf\u00e9rio, em 1962, o Conselho de Delegados da JID aprovou a cria\u00e7\u00e3o do Col\u00e9gio Interamericano de Defesa (CID), incorporado como \u00f3rg\u00e3o da JID em 9 de julho de 1964. , com instala\u00e7\u00f5es localizadas em Fort Lesley McNair, Washington DC, EUA.<\/p>\n<p>Com base na resolu\u00e7\u00e3o CP\/RES. Atrav\u00e9s da Portaria 417 (590\/84), de 1\u00ba de novembro de 1984, o Conselho Permanente da OEA realizou a reforma das instala\u00e7\u00f5es do \u201cPal\u00e1cio Rosado\u201d, conclu\u00edda em 1986. O pr\u00e9dio passou ent\u00e3o a se chamar \u201cCasa do Soldado\u201d.<\/p>\n<p>Durante a XXXII Sess\u00e3o Extraordin\u00e1ria da OEA, a Assembleia Geral da OEA aprovou o Estatuto da Junta Interamericana de Defesa por meio da resolu\u00e7\u00e3o AG\/RES.1 (XXXII-E\/06) em 15 de mar\u00e7o de 2006. A JID foi definida como uma entidade da OEA. e modificou sua estrutura organizacional em tr\u00eas \u00f3rg\u00e3os: Conselho de Delegados, Secretaria e CID.<\/p>\n<p>O Conselho de Delegados \u00e9 o \u00f3rg\u00e3o m\u00e1ximo representativo da JID. \u00c9 respons\u00e1vel por elaborar e adotar pol\u00edticas e atividades de acordo com as diretrizes estabelecidas pela Assembleia Geral da OEA e por supervisionar a implementa\u00e7\u00e3o dessas pol\u00edticas, atividades e diretrizes por meio da Secretaria e do CID.<\/p>\n<figure id=\"attachment_529\" aria-describedby=\"caption-attachment-529\" style=\"width: 300px\" class=\"wp-caption alignright\"><img decoding=\"async\" class=\"wp-image-529 size-medium\" src=\".\/wp-content\/uploads\/2018\/02\/Salao_de_bandeiras_1924_B-300x209.jpg\" alt=\"\" width=\"300\" height=\"209\" srcset=\"https:\/\/jid.org\/wp-content\/uploads\/2018\/02\/Salao_de_bandeiras_1924_B-300x209.jpg 300w, https:\/\/jid.org\/wp-content\/uploads\/2018\/02\/Salao_de_bandeiras_1924_B-768x534.jpg 768w, https:\/\/jid.org\/wp-content\/uploads\/2018\/02\/Salao_de_bandeiras_1924_B-392x272.jpg 392w, https:\/\/jid.org\/wp-content\/uploads\/2018\/02\/Salao_de_bandeiras_1924_B-130x90.jpg 130w, https:\/\/jid.org\/wp-content\/uploads\/2018\/02\/Salao_de_bandeiras_1924_B.jpg 997w\" sizes=\"(max-width: 300px) 100vw, 300px\" \/><figcaption id=\"caption-attachment-529\" class=\"wp-caption-text\">Sala das Bandeiras, de uma perspectiva diferente<\/figcaption><\/figure>\n<p style=\"text-align: justify;\">A Secretaria, entre outras fun\u00e7\u00f5es, implementa resolu\u00e7\u00f5es, diretivas e outras decis\u00f5es do Conselho; presta servi\u00e7os de secretariado ao Conselho, comiss\u00f5es, subcomiss\u00f5es, grupos de trabalho e outros \u00f3rg\u00e3os subsidi\u00e1rios; cumpre as diretrizes e demais cobran\u00e7as; fornece consultoria t\u00e9cnica; guarda documentos e arquivos da JID; prepara relat\u00f3rios e desenvolve rela\u00e7\u00f5es de coopera\u00e7\u00e3o com organiza\u00e7\u00f5es internacionais nos n\u00edveis global e regional.<\/p>\n<p>O CID est\u00e1 empenhado em garantir aos seus alunos um ensino superior rigoroso que contribua para o futuro da defesa e seguran\u00e7a multidimensional nas Am\u00e9ricas. Isto \u00e9 conseguido atrav\u00e9s da promo\u00e7\u00e3o de uma educa\u00e7\u00e3o de alto n\u00edvel de excelente qualidade com uma equipe permanente e multinacional de professores nas quatro l\u00ednguas do Hemisf\u00e9rio.<\/p>\n<p>Em constante evolu\u00e7\u00e3o, a JID tem capacidade para apoiar os quatro pilares da OEA: Democracia, Direitos Humanos, Seguran\u00e7a e Desenvolvimento, com foco principal no pilar Seguran\u00e7a.<\/p>","protected":false},"excerpt":{"rendered":"<p>A Junta Interamericana de Defesa (JID) foi criada pela primeira vez no Rio de Janeiro, Brasil, durante a Terceira Reuni\u00e3o de Consulta dos Ministros das Rela\u00e7\u00f5es Exteriores das 21 Rep\u00fablicas Americanas, que ent\u00e3o faziam parte da Uni\u00e3o Pan-Americana, segundo Resolu\u00e7\u00e3o n\u00ba XXXIX, de 28 de janeiro de 1942. Como primeiro passo para a implementa\u00e7\u00e3o da [\u2026]<\/p>","protected":false},"author":28,"featured_media":0,"parent":0,"menu_order":0,"comment_status":"closed","ping_status":"closed","template":"","meta":{"footnotes":""},"class_list":["post-2310","page","type-page","status-publish","hentry"],"_links":{"self":[{"href":"https:\/\/jid.org\/pt\/wp-json\/wp\/v2\/pages\/2310","targetHints":{"allow":["GET"]}}],"collection":[{"href":"https:\/\/jid.org\/pt\/wp-json\/wp\/v2\/pages"}],"about":[{"href":"https:\/\/jid.org\/pt\/wp-json\/wp\/v2\/types\/page"}],"author":[{"embeddable":true,"href":"https:\/\/jid.org\/pt\/wp-json\/wp\/v2\/users\/28"}],"replies":[{"embeddable":true,"href":"https:\/\/jid.org\/pt\/wp-json\/wp\/v2\/comments?post=2310"}],"version-history":[{"count":0,"href":"https:\/\/jid.org\/pt\/wp-json\/wp\/v2\/pages\/2310\/revisions"}],"wp:attachment":[{"href":"https:\/\/jid.org\/pt\/wp-json\/wp\/v2\/media?parent=2310"}],"curies":[{"name":"wp","href":"https:\/\/api.w.org\/{rel}","templated":true}]}}