{"id":2435,"date":"2018-09-21T17:14:22","date_gmt":"2018-09-21T21:14:22","guid":{"rendered":"https:\/\/opanlcom-cp6.wordpresstemporal.com\/JID\/?page_id=2435"},"modified":"2023-05-04T11:56:11","modified_gmt":"2023-05-04T15:56:11","slug":"atas-de-reunioes-ordinarias","status":"publish","type":"page","link":"https:\/\/jid.org\/pt\/atas-de-reunioes-ordinarias\/","title":{"rendered":"Registros de Reuni\u00f5es Ordin\u00e1rias e Extraordin\u00e1rias"},"content":{"rendered":"<div data-elementor-type=\"wp-page\" data-elementor-id=\"2435\" class=\"elementor elementor-2435\" data-elementor-post-type=\"page\">\n\t\t\t\t\t\t<section class=\"elementor-section elementor-top-section elementor-element elementor-element-1843f8ac elementor-section-boxed elementor-section-height-default elementor-section-height-default\" data-id=\"1843f8ac\" data-element_type=\"section\">\n\t\t\t\t\t\t<div class=\"elementor-container elementor-column-gap-default\">\n\t\t\t\t\t<div class=\"elementor-column elementor-col-100 elementor-top-column elementor-element elementor-element-3fde48f2\" data-id=\"3fde48f2\" data-element_type=\"column\">\n\t\t\t<div class=\"elementor-widget-wrap elementor-element-populated\">\n\t\t\t\t\t\t<div class=\"elementor-element elementor-element-645ebba elementor-widget elementor-widget-text-editor\" data-id=\"645ebba\" data-element_type=\"widget\" data-widget_type=\"text-editor.default\">\n\t\t\t\t<div class=\"elementor-widget-container\">\n\t\t\t<style>\/*! elementor - v3.20.0 - 26-03-2024 *\/\n.elementor-widget-text-editor.elementor-drop-cap-view-stacked .elementor-drop-cap{background-color:#69727d;color:#fff}.elementor-widget-text-editor.elementor-drop-cap-view-framed .elementor-drop-cap{color:#69727d;border:3px solid;background-color:transparent}.elementor-widget-text-editor:not(.elementor-drop-cap-view-default) .elementor-drop-cap{margin-top:8px}.elementor-widget-text-editor:not(.elementor-drop-cap-view-default) .elementor-drop-cap-letter{width:1em;height:1em}.elementor-widget-text-editor .elementor-drop-cap{float:left;text-align:center;line-height:1;font-size:50px}.elementor-widget-text-editor .elementor-drop-cap-letter{display:inline-block}<\/style>\t\t\t\t<p><!-- wp:paragraph --><\/p>\n<div><span style=\"font-family: Open Sans, serif;\"><span style=\"letter-spacing: 0.08px; word-spacing: 1.28px;\"><b>2022 \u2013 Atas Aprovadas<\/b><\/span><\/span><\/div>\n<ul>\n<li><strong><a style=\"font-variant-ligatures: normal; font-variant-caps: normal; font-family: Roboto, sans-serif; font-size: 16px; font-style: normal; font-weight: 400;\" href=\"https:\/\/drive.google.com\/file\/d\/1DL9WImSsN7wV4LMGN5ryBqYgR9Ks8HAX\/view?usp=sharing\" target=\"_blank\" rel=\"noreferrer noopener\">1439 \u2013 Ata da Reuni\u00e3o Ordin\u00e1ria n\u00ba 1439 de 25\u00a0<\/a><a style=\"font-variant-ligatures: normal; font-variant-caps: normal; font-family: Roboto, sans-serif; font-size: 16px; font-style: normal; font-weight: 400;\" href=\"https:\/\/drive.google.com\/file\/d\/1geSQecCkLwAcgWBObFjttvxWQqiRz_Yl\/view?usp=sharing\" target=\"_blank\" rel=\"noreferrer noopener\">Janeiro, 202<\/a><strong style=\"font-variant-ligatures: normal; font-variant-caps: normal; font-family: Roboto, sans-serif; font-size: 16px; font-style: normal;\"><a style=\"font-variant-ligatures: normal; font-variant-caps: normal; font-family: Roboto, sans-serif; font-size: 16px; font-style: normal; font-weight: 400;\" href=\"https:\/\/drive.google.com\/file\/d\/1geSQecCkLwAcgWBObFjttvxWQqiRz_Yl\/view?usp=sharing\" target=\"_blank\" rel=\"noreferrer noopener\">2<\/a><\/strong><strong style=\"font-variant-ligatures: normal; font-variant-caps: normal; font-family: Roboto, sans-serif; font-size: 16px; font-style: normal;\"><a style=\"font-variant-ligatures: normal; font-variant-caps: normal; font-family: Roboto, sans-serif; font-size: 16px; font-style: normal; font-weight: 400;\" href=\"https:\/\/drive.google.com\/file\/d\/1geSQecCkLwAcgWBObFjttvxWQqiRz_Yl\/view?usp=sharing\" target=\"_blank\" rel=\"noreferrer noopener\">.<\/a><\/strong><br \/><\/strong><\/li>\n<\/ul>\n<p><strong style=\"font-variant-ligatures: normal; font-variant-caps: normal; font-family: 'Open Sans', serif; font-size: 16px; font-style: normal; letter-spacing: 0.08px; word-spacing: 1.28px;\">\u00a0<\/strong><strong style=\"font-family: 'Open Sans', serif; font-size: 16px; letter-spacing: 0.005em; word-spacing: 0.08em; color: var( --e-global-color-text );\">2021 \u2013 Atas Aprovadas<\/strong><\/p>\n<p><!-- \/wp:paragraph --><\/p>\n<p><!-- wp:list --><\/p>\n<ul>\n<li style=\"font-size: 16px;\"><a style=\"font-size: 16px;\" href=\"https:\/\/drive.google.com\/file\/d\/1QjMU-FukbITCuUQgqoPxQSWzZ7rQHzMc\/view?usp=sharing\" target=\"_blank\" rel=\"noreferrer noopener\">1438 \u2013 Ata da Reuni\u00e3o Ordin\u00e1ria n\u00ba 1438 de 16\u00a0<\/a><a style=\"font-variant-ligatures: normal; font-variant-caps: normal; font-family: Roboto, sans-serif; font-size: 16px; font-style: normal; font-weight: 400;\" href=\"https:\/\/drive.google.com\/file\/d\/14kSvCwf781587Y0khHKVVP3hGEyWaPZG\/view?usp=sharing\" target=\"_blank\" rel=\"noreferrer noopener\">Dezembro,<\/a>\u00a0<a style=\"font-variant-ligatures: normal; font-variant-caps: normal; font-family: Roboto, sans-serif; font-size: 16px; font-style: normal; font-weight: 400;\" href=\"https:\/\/drive.google.com\/file\/d\/14kSvCwf781587Y0khHKVVP3hGEyWaPZG\/view?usp=sharing\" target=\"_blank\" rel=\"noreferrer noopener\">2021<\/a>.<\/li>\n<li style=\"font-size: 16px;\"><a style=\"font-size: 16px;\" href=\"https:\/\/drive.google.com\/file\/d\/10ixPZjbWSUobV-iWMZvTRDm8PTBYkM2i\/view?usp=sharing\" target=\"_blank\" rel=\"noreferrer noopener\">1437 \u2013 Ata da Reuni\u00e3o Ordin\u00e1ria n\u00ba 1437 de 23\u00a0<\/a><a style=\"font-variant-ligatures: normal; font-variant-caps: normal; font-family: Roboto, sans-serif; font-size: 16px; font-style: normal; font-weight: 400;\" href=\"https:\/\/drive.google.com\/file\/d\/1oHjJPJNS9MsSXJVaOh93n8iMGPWZ0tFB\/view?usp=sharing\" target=\"_blank\" rel=\"noreferrer noopener\">Novembro,\u00a0<\/a><a style=\"font-variant-ligatures: normal; font-variant-caps: normal; font-family: Roboto, sans-serif; font-size: 16px; font-style: normal; font-weight: 400;\" href=\"https:\/\/drive.google.com\/file\/d\/14kSvCwf781587Y0khHKVVP3hGEyWaPZG\/view?usp=sharing\" target=\"_blank\" rel=\"noreferrer noopener\">2021<\/a><a style=\"font-variant-ligatures: normal; font-variant-caps: normal; font-family: Roboto, sans-serif; font-size: 16px; font-style: normal; font-weight: 400;\" href=\"https:\/\/drive.google.com\/file\/d\/1yv6SJn-G96RamXV50sVbiyZv_aDR1u1T\/view?usp=sharing\" target=\"_blank\" rel=\"noreferrer noopener\">.<\/a><\/li>\n<li><a href=\"https:\/\/drive.google.com\/file\/d\/1yv6SJn-G96RamXV50sVbiyZv_aDR1u1T\/view?usp=sharing\" target=\"_blank\" rel=\"noreferrer noopener\">1.436 \u2013 Reuni\u00e3o Ordin\u00e1ria Reuni\u00e3o n\u00ba 1.436 de 26 de outubro de 2021<\/a><a style=\"font-variant-ligatures: normal; font-variant-caps: normal; font-family: Roboto, sans-serif; font-size: 16px; font-style: normal; font-weight: 400;\" href=\"https:\/\/drive.google.com\/file\/d\/1yv6SJn-G96RamXV50sVbiyZv_aDR1u1T\/view?usp=sharing\" target=\"_blank\" rel=\"noreferrer noopener\">.<\/a><\/li>\n<li>\n<p><a href=\"https:\/\/drive.google.com\/file\/d\/1uGUOHFUaHGzAd6b78aq3vd4k2LfAhtiV\/view?usp=sharing\" target=\"_blank\" rel=\"noreferrer noopener\">1.435 \u2013 Reuni\u00e3o Ordin\u00e1ria Reuni\u00e3o n\u00ba 1.435 de 21 de setembro de 2021 <\/a> - Espanhol<\/p>\n<\/li>\n<li>\n<p><a style=\"font-family: 'Open Sans', serif; font-size: 16px; letter-spacing: 0.005em; word-spacing: 0.08em;\" href=\"https:\/\/drive.google.com\/file\/d\/1aE4palbWJJatRZd8pbuRzB_WSyqeVQAI\/view?usp=sharing\" target=\"_blank\" rel=\"noreferrer noopener\">1.434 \u2013 Reuni\u00e3o Ordin\u00e1ria Reuni\u00e3o n\u00ba 1.434 de 24 de agosto de 2021 <\/a><span style=\"font-family: 'Open Sans', serif; font-size: 16px; letter-spacing: 0.005em; word-spacing: 0.08em; color: var( --e-global-color-text );\"> - Espanhol<\/span><\/p>\n<\/li>\n<li>\n<p><a style=\"font-family: 'Open Sans', serif; font-size: 16px; letter-spacing: 0.005em; word-spacing: 0.08em;\" href=\"https:\/\/drive.google.com\/file\/d\/1Gny2tQuf8KxwoPUOKfky2v6B7HVg0F7E\/view?usp=sharing\" target=\"_blank\" rel=\"noreferrer noopener\">1.433 \u2013 Ata de Reuni\u00e3o Ordin\u00e1ria n\u00ba 1.433, de 22 de junho de 2021.<\/a><\/p>\n<\/li>\n<li><a href=\"https:\/\/drive.google.com\/file\/d\/1aUfIn02d3qFiY7uJEw2Lkx8N5HqouMlc\/view?usp=sharing\" target=\"_blank\" rel=\"noreferrer noopener\">1.432 \u2013 Ata de Reuni\u00e3o Ordin\u00e1ria n\u00ba 1.432, de 18 de maio de 2021.<\/a><\/li>\n<li>\n<p><a href=\"https:\/\/drive.google.com\/file\/d\/14P28IGS_idKjh0g9r_7bk9gd5xmyrDAm\/view?usp=sharing\" target=\"_blank\" rel=\"noreferrer noopener\">1.431 \u2013 Reuni\u00e3o Ordin\u00e1ria Reuni\u00e3o n\u00ba 1.431 de 20 de abril de 2021<\/a> - Espanhol<\/p>\n<\/li>\n<li><a href=\"https:\/\/drive.google.com\/file\/d\/12tyX14GMYB8zWyIh2PtTz0jtIL_gzNaZ\/view?usp=sharing\" target=\"_blank\" rel=\"noreferrer noopener\">1.430 \u2013 Reuni\u00e3o Ordin\u00e1ria Reuni\u00e3o n\u00ba 1.430 de 23 de mar\u00e7o de 2021.<\/a><\/li>\n<li><a href=\"https:\/\/drive.google.com\/file\/d\/1sZ4NLxjcKSvAF3jy7lbfYP_I8K2l6dHL\/view?usp=sharing\" target=\"_blank\" rel=\"noreferrer noopener\">1.429 \u2013 Ata da Reuni\u00e3o Ordin\u00e1ria n\u00ba 1.429, de 26 de fevereiro de 2021.<\/a><\/li>\n<li><a href=\"https:\/\/drive.google.com\/file\/d\/1geSQecCkLwAcgWBObFjttvxWQqiRz_Yl\/view?usp=sharing\" target=\"_blank\" rel=\"noreferrer noopener\">1.428 \u2013 Ata da Reuni\u00e3o Ordin\u00e1ria n\u00ba 1.428, de 26 de janeiro de 2021.<\/a><\/li>\n<\/ul>\n<p><!-- \/wp:list --><\/p>\n<p><!-- wp:paragraph --><\/p>\n<p><strong>2020 \u2013 Atas Aprovadas<\/strong><\/p>\n<p><!-- \/wp:paragraph --><\/p>\n<p><!-- wp:list --><\/p>\n<ul>\n<li><a href=\"https:\/\/drive.google.com\/file\/d\/14kSvCwf781587Y0khHKVVP3hGEyWaPZG\/view?usp=sharing\" target=\"_blank\" rel=\"noreferrer noopener\">1.427 \u2013 Ata da Reuni\u00e3o Ordin\u00e1ria n\u00ba 1.427, de 15 de dezembro de 2020.<\/a><\/li>\n<li><a href=\"https:\/\/drive.google.com\/file\/d\/1oHjJPJNS9MsSXJVaOh93n8iMGPWZ0tFB\/view?usp=sharing\" target=\"_blank\" rel=\"noreferrer noopener\">1.426 \u2013 Ata da Reuni\u00e3o Ordin\u00e1ria n\u00ba 1.426, de 17 de novembro de 2020.<\/a><\/li>\n<li><a href=\"https:\/\/drive.google.com\/file\/d\/1otAPyOfgIXpLijhX4_EARzAA5EbYevqx\/view?usp=sharing\" target=\"_blank\" rel=\"noreferrer noopener\">1.425 \u2013 Ata da Reuni\u00e3o Ordin\u00e1ria n\u00ba 1.425, de 22 de outubro de 2020.<\/a><\/li>\n<li><a href=\"https:\/\/drive.google.com\/file\/d\/1dyC6uFkUtnK48npl9RvDWH5lUN5stfUW\/view?usp=sharing\" target=\"_blank\" rel=\"noreferrer noopener\">1.424 \u2013 Ata da Reuni\u00e3o Ordin\u00e1ria n\u00ba 1.424, de 22 de setembro de 2020.<\/a><\/li>\n<li><a href=\"https:\/\/drive.google.com\/file\/d\/1npxPTZmLQDbomdgl2n3QTSTVehD6PGBZ\/view?usp=sharing\" target=\"_blank\" rel=\"noreferrer noopener\">1.423 \u2013 Ata da Reuni\u00e3o Ordin\u00e1ria n\u00ba 1.423, de 25 de agosto de 2020.<\/a><\/li>\n<li><a href=\"https:\/\/drive.google.com\/file\/d\/1ScLroGjkF-Rm81qadQKQhNteY93MeFY1\/view?usp=sharing\" target=\"_blank\" rel=\"noreferrer noopener\">1.422 \u2013 Ata da Reuni\u00e3o Ordin\u00e1ria n\u00ba 1.422, de 25 de junho de 2020.<\/a><\/li>\n<li><a href=\"https:\/\/drive.google.com\/file\/d\/1HxAFv9pMWz1sWkXfh9OqHpUsGTyKx4DH\/view?usp=sharing\" target=\"_blank\" rel=\"noreferrer noopener\">1.421 \u2013 Ata da Reuni\u00e3o Ordin\u00e1ria n\u00ba 1.421, de 19 de maio de 2020.<\/a><\/li>\n<li><a href=\"https:\/\/drive.google.com\/file\/d\/17oA57kJ2ft0cBoG-shinQ2pB1RiL6ZGD\/view?usp=sharing\" target=\"_blank\" rel=\"noreferrer noopener\">1.420 \u2013 Ata da Reuni\u00e3o Ordin\u00e1ria n\u00ba 1.420, de 20 de fevereiro de 2020.<\/a><\/li>\n<li><a href=\"https:\/\/drive.google.com\/file\/d\/14XG78kRYODAUN2putFG_VHkgqCHaR4oz\/view?usp=sharing\" target=\"_blank\" rel=\"noreferrer noopener\">1.419 \u2013 Ata da Reuni\u00e3o Ordin\u00e1ria n\u00ba 1.419, de 24 de janeiro de 2020.<\/a><\/li>\n<\/ul>\n<p><!-- \/wp:list --><\/p>\n<p><!-- wp:paragraph --><\/p>\n<p><strong>2019 &#8211; <strong>Atas aprovados<\/strong><\/strong><\/p>\n<p><!-- \/wp:paragraph --><\/p>\n<p><!-- wp:list --><\/p>\n<ul>\n<li><a href=\"https:\/\/drive.google.com\/file\/d\/1MTx1o_20kPIVcb9KP6eKvETvLEv1BPZB\/view?usp=sharing\" target=\"_blank\" rel=\"noreferrer noopener\">1.418 \u2013 Ata da Reuni\u00e3o Ordin\u00e1ria n\u00ba 1.418, de 12 de dezembro de 2019.<\/a><\/li>\n<li><a href=\"https:\/\/drive.google.com\/file\/d\/1k2q6uIFFlJ8oEzz5q2FoigR0zolkuBId\/view?usp=sharing\" target=\"_blank\" rel=\"noreferrer noopener\">1.417 \u2013 Ata da Reuni\u00e3o Ordin\u00e1ria n\u00ba 1.417, de 19 de novembro de 2019.<\/a><\/li>\n<li><a href=\"https:\/\/drive.google.com\/file\/d\/1IR0sGd-BK00bpZ5dQas2uMu-kjVMCc6s\/view?usp=sharing\" target=\"_blank\" rel=\"noreferrer noopener\">1.416 \u2013 Ata da Reuni\u00e3o Ordin\u00e1ria n\u00ba 1.416, de 22 de outubro de 2019.<\/a><\/li>\n<li><a href=\"https:\/\/drive.google.com\/file\/d\/1DKHp9uRwk3U31lLLU_lqripTfSxwy7tm\/view?usp=sharing\" target=\"_blank\" rel=\"noreferrer noopener\">1.415 \u2013 Ata da Reuni\u00e3o Ordin\u00e1ria n\u00ba 1.415, de 24 de setembro de 2019.<\/a><\/li>\n<li><a href=\"https:\/\/drive.google.com\/file\/d\/14fGZiW3Xo0R2xWXTShG4ZrLDhLyVN-Pl\/view?usp=sharing\" target=\"_blank\" rel=\"noreferrer noopener\">1.414 \u2013 Ata da Reuni\u00e3o Ordin\u00e1ria n\u00ba 1.414, de 27 de agosto de 2019.<\/a><\/li>\n<li><a href=\"https:\/\/drive.google.com\/file\/d\/16Tif-ttmHNx9M_-8PdV0GRc2-_DwrzHA\/view?usp=sharing\" target=\"_blank\" rel=\"noreferrer noopener\">1.413 \u2013 Ata da Reuni\u00e3o Ordin\u00e1ria n\u00ba 1.413, de 18 de junho de 2019.<\/a><\/li>\n<li><a href=\"https:\/\/drive.google.com\/open?id=1urw7zWUy8waQFJCdvFBWEK5cLwGkla0u\" target=\"_blank\" rel=\"noreferrer noopener\">1.412 \u2013 Ata da Reuni\u00e3o Ordin\u00e1ria n\u00ba 1.412, de 21 de maio de 2019.<\/a><\/li>\n<li><a href=\"https:\/\/drive.google.com\/open?id=11oeUZathECz7nW6Udpbo52mwlsp-WbWd\" target=\"_blank\" rel=\"noreferrer noopener\">1.411 \u2013 Ata da Reuni\u00e3o Ordin\u00e1ria n\u00ba 1.411, de 23 de abril de 2019.<\/a><\/li>\n<li><a href=\"https:\/\/drive.google.com\/open?id=1PE42b7IJs0XHS1A6K_5s-YOYEW9-hlJP\" target=\"_blank\" rel=\"noreferrer noopener\">1.410 \u2013 Ata da Reuni\u00e3o Ordin\u00e1ria n\u00ba 1.410, de 26 de mar\u00e7o de 2019.<\/a><\/li>\n<li><a href=\"https:\/\/drive.google.com\/open?id=1Tsz1tP5ngXUEPOxrxMVgVswgHfdgf61_\" target=\"_blank\" rel=\"noreferrer noopener\">1.409 \u2013 Ata da Reuni\u00e3o Ordin\u00e1ria n\u00ba 1.409 de 05 de mar\u00e7o de 2019<\/a>.<\/li>\n<li><a href=\"https:\/\/drive.google.com\/open?id=1coUap3sIjEhRODPZmh5lq8aqGq-gVIWa\" target=\"_blank\" rel=\"noreferrer noopener\">1.408 \u2013 Ata da Reuni\u00e3o Ordin\u00e1ria n\u00ba 1.408 de 21 de fevereiro de 2019<\/a>.<\/li>\n<li><a href=\"https:\/\/drive.google.com\/open?id=1ZNV4mvHfdZwFHUD6fZ2tg5Ww5iZy47YU\" target=\"_blank\" rel=\"noreferrer noopener\">1.407 \u2013 Ata da Reuni\u00e3o Ordin\u00e1ria n\u00ba 1.407 de 24 de janeiro de 2019<\/a>.<\/li>\n<\/ul>\n<p><!-- \/wp:list --><\/p>\n<p><!-- wp:paragraph --><\/p>\n<p><strong>2018 &#8211; <strong>Atas aprovados<\/strong><\/strong><\/p>\n<p><!-- \/wp:paragraph --><\/p>\n<p><!-- wp:list --><\/p>\n<ul>\n<li><a href=\"https:\/\/drive.google.com\/open?id=1YTrIRBXD25CB53vj4DsNKBpWCGJ1ieJo\" target=\"_blank\" rel=\"noreferrer noopener\">1.406 \u2013 Ata da Reuni\u00e3o Ordin\u00e1ria 1.406 de 13 de dezembro de 2018.<\/a><\/li>\n<li><a href=\"https:\/\/drive.google.com\/open?id=1iXKlwv8GvH-zz2u32-0opzZmXiT70_rN\" target=\"_blank\" rel=\"noreferrer noopener\">1.405 \u2013 Ata da Reuni\u00e3o Ordin\u00e1ria 1.405 de 20 de novembro de 2018.<\/a><\/li>\n<li><a href=\"https:\/\/drive.google.com\/open?id=1EGsGX5WPPTRsuovQKh7JpAP2w7kuPDb7\" target=\"_blank\" rel=\"noreferrer noopener\">1.404 \u2013 Ata da Reuni\u00e3o Ordin\u00e1ria 1.404 de 30 de outubro de 2018.<\/a><\/li>\n<li><a href=\"https:\/\/drive.google.com\/open?id=1ZKxqqOWcOYgm9o1YVXO61lDPXnspa6zX\" target=\"_blank\" rel=\"noreferrer noopener\">1.403 \u2013 Ata da Reuni\u00e3o Ordin\u00e1ria 1.403 de 25 de setembro de 2018.<\/a><\/li>\n<li><a href=\"https:\/\/drive.google.com\/open?id=1fcObR1DsBvGvch1Xb6DlLJXIK2mEnC6x\" target=\"_blank\" rel=\"noreferrer noopener\">1.402 \u2013 Ata da Reuni\u00e3o Ordin\u00e1ria 1.402 de 21 de agosto de 2018.<\/a><\/li>\n<li><a href=\"https:\/\/drive.google.com\/open?id=1w-yH4MYlFqkoplb-V59_V0xFv9lN24Ud\" target=\"_blank\" rel=\"noreferrer noopener\">1.401 \u2013 Ata da Reuni\u00e3o Ordin\u00e1ria 1.401 de 19 de junho de 2018.<\/a><\/li>\n<li><a href=\"https:\/\/drive.google.com\/open?id=1VRXqSOd75AG3b6KOc7DFLgpXEmuxR0ey\" target=\"_blank\" rel=\"noreferrer noopener\">1.400 \u2013 Ata da Reuni\u00e3o Ordin\u00e1ria 1.400 de 22 de maio de 2018.<\/a><\/li>\n<li><a href=\"https:\/\/drive.google.com\/open?id=1-ZC_Mulf8HUOIs1qjPNmRsxxGHi_2BGm\" target=\"_blank\" rel=\"noreferrer noopener\">1.399 \u2013 Ata da Reuni\u00e3o Ordin\u00e1ria 1.399, de 24 de abril de 2018.<\/a><\/li>\n<li><a href=\"https:\/\/drive.google.com\/open?id=1RTJzkopPc2D409rZ8qpPKS0ntjF2SF8i\" target=\"_blank\" rel=\"noreferrer noopener\">1.398 \u2013 Ata da Reuni\u00e3o Ordin\u00e1ria 1.398, de 27 de mar\u00e7o de 2018.<\/a><\/li>\n<li><a href=\"https:\/\/drive.google.com\/open?id=1x_c28QePu4keyFsNperS4dBOPUelr6m2\" target=\"_blank\" rel=\"noreferrer noopener\">1.397 \u2013 Ata da Reuni\u00e3o Ordin\u00e1ria 1.397, de 13 de mar\u00e7o de 2018.<\/a><\/li>\n<li><a href=\"https:\/\/drive.google.com\/open?id=1xouWKCv1WMxV_osdRcIM30sk-vVbhucV\" target=\"_blank\" rel=\"noreferrer noopener\">1.396 \u2013 Ata da Reuni\u00e3o Ordin\u00e1ria 1.396, de 27 de fevereiro de 2018.<\/a><\/li>\n<li><a href=\"https:\/\/drive.google.com\/open?id=1_50trsWEkrNtwfOjS7T5YOS_2fr_jVNq\" target=\"_blank\" rel=\"noreferrer noopener\">1.395 \u2013 Ata da Reuni\u00e3o Ordin\u00e1ria 1.395, de 23 de janeiro de 2018.<\/a><\/li>\n<\/ul>\n<p><!-- \/wp:list --><\/p>\n<p><!-- wp:paragraph --><\/p>\n<p><strong>2017 &#8211; <strong>Atas aprovados<\/strong><\/strong><\/p>\n<p><!-- \/wp:paragraph --><\/p>\n<p><!-- wp:list --><\/p>\n<ul>\n<li><a href=\"https:\/\/drive.google.com\/open?id=1WmIxyYOxhGX4CknhPjxmqWl16NYUjL9f\" target=\"_blank\" rel=\"noreferrer noopener\">1.382 \u2013 Ata da Reuni\u00e3o 1.382, de 24 de janeiro de 2017.<\/a><\/li>\n<li><a href=\"https:\/\/drive.google.com\/open?id=1zm1RHlSWPZ8w03jStVhxNt37dNo8zip9\" target=\"_blank\" rel=\"noreferrer noopener\">1.383 \u2013 Ata da Reuni\u00e3o 1.383, de 21 de fevereiro de 2017.<\/a><\/li>\n<li><a href=\"https:\/\/drive.google.com\/open?id=1nzhVMP0rImhgYsyhAkz7QsEMa2nYuGmG\" target=\"_blank\" rel=\"noreferrer noopener\">1.384 \u2013 Ata da Reuni\u00e3o 1.384, de 13 de mar\u00e7o de 2017.<\/a><\/li>\n<li><a href=\"https:\/\/drive.google.com\/open?id=1cXPz4C3pLgOu2wCBOoJfVKe38X-r0lPo\" target=\"_blank\" rel=\"noreferrer noopener\">1.385 \u2013 Ata da Reuni\u00e3o 1.385, de 30 de mar\u00e7o de 2017.<\/a><\/li>\n<li><a href=\"https:\/\/drive.google.com\/open?id=1HNfavpi9JF4otv1SoaeWgYW9GusR0Y0i\" target=\"_blank\" rel=\"noreferrer noopener\">1.386 \u2013 Ata da Reuni\u00e3o 1.386, de 20 de abril de 2017.<\/a><\/li>\n<li><a href=\"https:\/\/drive.google.com\/open?id=1cQiqn65Xcfprg9M8FM1pgVNSyr62uc7A\" target=\"_blank\" rel=\"noreferrer noopener\">1.387 \u2013 Ata da Reuni\u00e3o 1.387, de 23 de maio de 2017.<\/a><\/li>\n<li><a href=\"https:\/\/drive.google.com\/open?id=1C1XZuu1gkz-Ay-QyzBb2FeZgvEfd68bX\" target=\"_blank\" rel=\"noreferrer noopener\">1.388 \u2013 Ata da Reuni\u00e3o 1.388, de 27 de junho de 2017.<\/a><\/li>\n<li><a href=\"https:\/\/drive.google.com\/open?id=1gCfdN280pwIeBZEWRD0XTnoM5dJJXslw\" target=\"_blank\" rel=\"noreferrer noopener\">1.389 \u2013 Ata da Reuni\u00e3o 1.389 de 29 de junho de 2017.<\/a><\/li>\n<li><a href=\"https:\/\/drive.google.com\/open?id=1SyC86GMmVScwIOerXpPggr6Vh2Hb8TTc\" target=\"_blank\" rel=\"noreferrer noopener\">1.390 \u2013 Ata da Reuni\u00e3o 1.390, de 22 de agosto de 2017.<\/a><\/li>\n<li><a href=\"https:\/\/drive.google.com\/open?id=1-_TDc9tIG4g6KaavZ42yrNiDaxyEKLh0\" target=\"_blank\" rel=\"noreferrer noopener\">1.391 \u2013 Ata da Reuni\u00e3o 1.391, de 26 de setembro de 2017.<\/a><\/li>\n<li><a href=\"https:\/\/drive.google.com\/open?id=1ZMTHFKIynmnJR54GwBO_kZIv3jBnprHz\" target=\"_blank\" rel=\"noreferrer noopener\">1.392 \u2013 Ata da Reuni\u00e3o 1.392, de 24 de outubro de 2017.<\/a><\/li>\n<li><a href=\"https:\/\/drive.google.com\/open?id=1kNwIqp7lScWJrc2DmR4lBQSewM7D0Cdf\" target=\"_blank\" rel=\"noreferrer noopener\">1.393 \u2013 Ata da Reuni\u00e3o 1.393, de 21 de novembro de 2017.<\/a><\/li>\n<li><a href=\"https:\/\/drive.google.com\/open?id=1YZYvlcC5jhwdhMNpo_S6EYK6CM3VFViF\" target=\"_blank\" rel=\"noreferrer noopener\">1.394 \u2013 Ata da Reuni\u00e3o 1.394 de 14 de dezembro de 2017.<\/a><\/li>\n<\/ul>\n<p><!-- \/wp:list --><\/p>\n<p><!-- wp:paragraph --><\/p>\n<p><strong>REUNI\u00d5ES EXTRAORDIN\u00c1RIAS\u00a0<\/strong><\/p>\n<p><!-- \/wp:paragraph --><\/p>\n<p><!-- wp:list --><\/p>\n<ul>\n<li><a href=\"https:\/\/drive.google.com\/file\/d\/1rDSt7qluMa00FB9dyjCu6sL-lMhQ4okY\/view?usp=sharing\" target=\"_blank\" rel=\"noreferrer noopener\" aria-label=\"002-2021 - Reuni\u00e3o Extraordin\u00e1ria Reuni\u00e3o 002-2021 de 6 de abril de 2021. (abre em nova aba)\">002-2021 \u2013 Reuni\u00e3o Extraordin\u00e1ria Data 002-2021 de 7 de maio de 2021.<\/a><\/li>\n<\/ul>\n<ul>\n<li><a href=\"https:\/\/drive.google.com\/file\/d\/1Qjy8DsGOjn6tgMJTKubKYsfsFocoMjFi\/view?usp=sharing\" target=\"_blank\" rel=\"noreferrer noopener\" aria-label=\"002-2021 - Reuni\u00e3o Extraordin\u00e1ria Reuni\u00e3o 002-2021 de 6 de abril de 2021. (abre em nova aba)\">001-2021 \u2013 Reuni\u00e3o Extraordin\u00e1ria Data 001-2021 de 06 de abril de 2021.<\/a><\/li>\n<\/ul>\n<p><!-- \/wp:list --><\/p>\n<p><!-- wp:paragraph --><\/p>\n<p><!-- \/wp:paragraph --><\/p>\n<p><!-- wp:list --><\/p>\n<ul>\n<li><a href=\"https:\/\/drive.google.com\/file\/d\/1YiJQlT3vWloezoNha1kBi8Ga-zaT3Ybp\/view?usp=sharing\" target=\"_blank\" rel=\"noreferrer noopener\">002-2019 \u2013 Ata da Reuni\u00e3o Extraordin\u00e1ria 002-2020 de 21 de junho de 2019 \u2013 espanhol.<\/a><\/li>\n<li><a href=\"https:\/\/drive.google.com\/open?id=1qjIM3z9H3RrrDo31ZcnrCVf-LoF6eYzw\" target=\"_blank\" rel=\"noreferrer noopener\">001-2019 \u2013 Ata da Reuni\u00e3o Extraordin\u00e1ria 001-2019 de 29 de janeiro de 2019 \u2013 espanhol.<\/a><\/li>\n<\/ul>\n<p><!-- \/wp:list --><\/p>\n<p><!-- wp:paragraph --><\/p>\n<p><!-- \/wp:paragraph --><\/p>\n<p><!-- wp:list --><\/p>\n<ul>\n<li><a href=\"https:\/\/drive.google.com\/open?id=1QmgqBvPIHBfyIULGgBmOf5j5JSgZ1KHu\" target=\"_blank\" rel=\"noreferrer noopener\">001-2018 \u2013 Ata da Reuni\u00e3o Extraordin\u00e1ria 001-2018 de 10 de abril de 2018 \u2013 espanhol.<\/a><\/li>\n<\/ul>\n<p><!-- \/wp:list --><\/p>\n<p><!-- wp:paragraph --><\/p>\n<p><!-- \/wp:paragraph --><\/p>\t\t\t\t\t\t<\/div>\n\t\t\t\t<\/div>\n\t\t\t\t\t<\/div>\n\t\t<\/div>\n\t\t\t\t\t<\/div>\n\t\t<\/section>\n\t\t\t\t<\/div>","protected":false},"excerpt":{"rendered":"<p>Portaria n.\u00ba 1.442, de abril de 2022. 1.441 \u2013 Ata da Reuni\u00e3o Ordin\u00e1ria n\u00ba 1.441 de 30 [\u2026]<\/p>","protected":false},"author":28,"featured_media":0,"parent":0,"menu_order":0,"comment_status":"closed","ping_status":"closed","template":"","meta":{"footnotes":""},"class_list":["post-2435","page","type-page","status-publish","hentry"],"_links":{"self":[{"href":"https:\/\/jid.org\/pt\/wp-json\/wp\/v2\/pages\/2435","targetHints":{"allow":["GET"]}}],"collection":[{"href":"https:\/\/jid.org\/pt\/wp-json\/wp\/v2\/pages"}],"about":[{"href":"https:\/\/jid.org\/pt\/wp-json\/wp\/v2\/types\/page"}],"author":[{"embeddable":true,"href":"https:\/\/jid.org\/pt\/wp-json\/wp\/v2\/users\/28"}],"replies":[{"embeddable":true,"href":"https:\/\/jid.org\/pt\/wp-json\/wp\/v2\/comments?post=2435"}],"version-history":[{"count":13,"href":"https:\/\/jid.org\/pt\/wp-json\/wp\/v2\/pages\/2435\/revisions"}],"predecessor-version":[{"id":37930,"href":"https:\/\/jid.org\/pt\/wp-json\/wp\/v2\/pages\/2435\/revisions\/37930"}],"wp:attachment":[{"href":"https:\/\/jid.org\/pt\/wp-json\/wp\/v2\/media?parent=2435"}],"curies":[{"name":"wp","href":"https:\/\/api.w.org\/{rel}","templated":true}]}}