{"id":27522,"date":"2020-06-10T11:56:24","date_gmt":"2020-06-10T15:56:24","guid":{"rendered":"https:\/\/opanlcom-cp6.wordpresstemporal.com\/JID\/?page_id=27522"},"modified":"2021-05-14T14:24:19","modified_gmt":"2021-05-14T18:24:19","slug":"jid-studies","status":"publish","type":"page","link":"https:\/\/jid.org\/pt\/jid-studies\/","title":{"rendered":"PROTE\u00c7\u00c3O DE INFRAESTRUTURA CR\u00cdTICA"},"content":{"rendered":"<h4 class=\"has-text-align-center wp-block-heading\"><strong>PROTE\u00c7\u00c3O DE INFRAESTRUTURA CR\u00cdTICA<\/strong><\/h4>\n\n\n\n<ul class=\"wp-block-list\"><li><a href=\"https:\/\/drive.google.com\/file\/d\/1yRonLHRofi7uWSpcnRmL4KFegX0Occ-W\/view?usp=sharing\" target=\"_blank\" aria-label=\"Estudo sobre Infraestrutura Cr\u00edtica (abre em nova aba)\" rel=\"noreferrer noopener\" class=\"ek-link\"><strong>Estudo sobre a Infraestrutura Cr\u00edtica<\/strong><\/a><\/li><\/ul>\n\n\n\n<ul class=\"wp-block-list\"><li><a aria-label=\"Estude Equador (abre em uma nova aba)\" href=\"https:\/\/drive.google.com\/file\/d\/1zeitRFvOvW-rQnnHv3BvPu3q-MM_NLgW\/view?usp=sharing\" target=\"_blank\" rel=\"noreferrer noopener\" class=\"ek-link\"><strong>Estude Equador<\/strong><\/a> <strong>-Espanhol<\/strong><\/li><\/ul>\n\n\n\n<p><\/p>","protected":false},"excerpt":{"rendered":"<p>Estudo de PROTE\u00c7\u00c3O DE INFRAESTRUTURAS CR\u00cdTICAS sobre o Estudo de Infraestruturas Cr\u00edticas Equador\u2014Espanhol<\/p>","protected":false},"author":28,"featured_media":0,"parent":0,"menu_order":0,"comment_status":"closed","ping_status":"closed","template":"","meta":{"footnotes":""},"class_list":["post-27522","page","type-page","status-publish","hentry"],"_links":{"self":[{"href":"https:\/\/jid.org\/pt\/wp-json\/wp\/v2\/pages\/27522","targetHints":{"allow":["GET"]}}],"collection":[{"href":"https:\/\/jid.org\/pt\/wp-json\/wp\/v2\/pages"}],"about":[{"href":"https:\/\/jid.org\/pt\/wp-json\/wp\/v2\/types\/page"}],"author":[{"embeddable":true,"href":"https:\/\/jid.org\/pt\/wp-json\/wp\/v2\/users\/28"}],"replies":[{"embeddable":true,"href":"https:\/\/jid.org\/pt\/wp-json\/wp\/v2\/comments?post=27522"}],"version-history":[{"count":0,"href":"https:\/\/jid.org\/pt\/wp-json\/wp\/v2\/pages\/27522\/revisions"}],"wp:attachment":[{"href":"https:\/\/jid.org\/pt\/wp-json\/wp\/v2\/media?parent=27522"}],"curies":[{"name":"wp","href":"https:\/\/api.w.org\/{rel}","templated":true}]}}