{"id":35734,"date":"2022-10-27T08:56:59","date_gmt":"2022-10-27T12:56:59","guid":{"rendered":"https:\/\/opanlcom-cp6.wordpresstemporal.com\/JID\/?page_id=35734"},"modified":"2022-10-27T08:58:50","modified_gmt":"2022-10-27T12:58:50","slug":"conception","status":"publish","type":"page","link":"https:\/\/jid.org\/pt\/conception\/","title":{"rendered":"Concep\u00e7\u00e3o"},"content":{"rendered":"<ul class=\"wp-block-list\"><li><a href=\"https:\/\/online.fliphtml5.com\/oknsb\/avhk\/\" target=\"_blank\" rel=\"noopener noreferrer nofollow\">MECANISMO<\/a><\/li><li><a href=\"https:\/\/jid.org\/pt\/lecciones-aprendidas\/\">LI\u00c7\u00d5ES APRENDIDAS<\/a><\/li><li><a href=\"\/\">FORMUL\u00c1RIOS<\/a><\/li><li><a href=\"\/\">BANCO DE CONTRIBUI\u00c7\u00c3O<\/a><\/li><\/ul>","protected":false},"excerpt":{"rendered":"<p>MECANISMO LI\u00c7\u00d5ES APRENDIDAS FORMAS BANCO DE CONTRIBUI\u00c7\u00c3O<\/p>","protected":false},"author":28,"featured_media":0,"parent":0,"menu_order":0,"comment_status":"closed","ping_status":"closed","template":"","meta":{"footnotes":""},"class_list":["post-35734","page","type-page","status-publish","hentry"],"_links":{"self":[{"href":"https:\/\/jid.org\/pt\/wp-json\/wp\/v2\/pages\/35734","targetHints":{"allow":["GET"]}}],"collection":[{"href":"https:\/\/jid.org\/pt\/wp-json\/wp\/v2\/pages"}],"about":[{"href":"https:\/\/jid.org\/pt\/wp-json\/wp\/v2\/types\/page"}],"author":[{"embeddable":true,"href":"https:\/\/jid.org\/pt\/wp-json\/wp\/v2\/users\/28"}],"replies":[{"embeddable":true,"href":"https:\/\/jid.org\/pt\/wp-json\/wp\/v2\/comments?post=35734"}],"version-history":[{"count":1,"href":"https:\/\/jid.org\/pt\/wp-json\/wp\/v2\/pages\/35734\/revisions"}],"predecessor-version":[{"id":35735,"href":"https:\/\/jid.org\/pt\/wp-json\/wp\/v2\/pages\/35734\/revisions\/35735"}],"wp:attachment":[{"href":"https:\/\/jid.org\/pt\/wp-json\/wp\/v2\/media?parent=35734"}],"curies":[{"name":"wp","href":"https:\/\/api.w.org\/{rel}","templated":true}]}}