{"id":371,"date":"2018-04-21T10:37:11","date_gmt":"2018-04-21T13:37:11","guid":{"rendered":"https:\/\/opanlcom-cp6.wordpresstemporal.com\/JID\/?page_id=371"},"modified":"2024-02-19T00:45:06","modified_gmt":"2024-02-19T05:45:06","slug":"presidente-2","status":"publish","type":"page","link":"https:\/\/jid.org\/pt\/presidente-2\/","title":{"rendered":"Presidente"},"content":{"rendered":"<div data-elementor-type=\"wp-page\" data-elementor-id=\"371\" class=\"elementor elementor-371\" data-elementor-post-type=\"page\">\n\t\t\t\t<div class=\"elementor-element elementor-element-05d908a e-flex e-con-boxed e-con e-parent\" data-id=\"05d908a\" data-element_type=\"container\" data-core-v316-plus=\"true\">\n\t\t\t\t\t<div class=\"e-con-inner\">\n\t\t<div class=\"elementor-element elementor-element-84a3f72 e-con-full e-flex e-con e-parent\" data-id=\"84a3f72\" data-element_type=\"container\" data-core-v316-plus=\"true\">\n\t\t\t\t<div class=\"elementor-element elementor-element-0f55d2c elementor-widget elementor-widget-global elementor-global-43435 elementor-widget-jet-breadcrumbs\" data-id=\"0f55d2c\" data-element_type=\"widget\" data-widget_type=\"jet-breadcrumbs.default\">\n\t\t\t\t<div class=\"elementor-widget-container\">\n\t\t\t<div class=\"elementor-jet-breadcrumbs jet-blocks\">\n\t\t<div class=\"jet-breadcrumbs\">\n\t\t<div class=\"jet-breadcrumbs__content\">\n\t\t<div class=\"jet-breadcrumbs__wrap\"><div class=\"jet-breadcrumbs__item\"><a href=\"https:\/\/jid.org\/pt\/\" class=\"jet-breadcrumbs__item-link is-home\" rel=\"home\" title=\"Come\u00e7ar\">Come\u00e7ar<\/a><\/div>\n\t\t<\/div>\n\t\t<\/div>\n\t\t<\/div><\/div>\t\t<\/div>\n\t\t\t\t<\/div>\n\t\t\t\t<div class=\"elementor-element elementor-element-e7e815a elementor-widget elementor-widget-jet-listing-grid\" data-id=\"e7e815a\" data-element_type=\"widget\" data-settings=\"{&quot;columns&quot;:&quot;1&quot;}\" data-widget_type=\"jet-listing-grid.default\">\n\t\t\t\t<div class=\"elementor-widget-container\">\n\t\t\t<div class=\"jet-listing-grid jet-listing\"><div class=\"jet-listing-grid__items grid-col-desk-1 grid-col-tablet-1 grid-col-mobile-1 jet-listing-grid--39969\" data-queried-id=\"371|WP_Post\" data-nav=\"{&quot;enabled&quot;:false,&quot;type&quot;:null,&quot;more_el&quot;:null,&quot;query&quot;:[],&quot;widget_settings&quot;:{&quot;lisitng_id&quot;:39969,&quot;posts_num&quot;:1,&quot;columns&quot;:1,&quot;columns_tablet&quot;:1,&quot;columns_mobile&quot;:1,&quot;is_archive_template&quot;:&quot;&quot;,&quot;post_status&quot;:[&quot;publish&quot;],&quot;use_random_posts_num&quot;:&quot;&quot;,&quot;max_posts_num&quot;:9,&quot;not_found_message&quot;:&quot;No data was found&quot;,&quot;is_masonry&quot;:false,&quot;equal_columns_height&quot;:&quot;&quot;,&quot;use_load_more&quot;:&quot;&quot;,&quot;load_more_id&quot;:&quot;&quot;,&quot;load_more_type&quot;:&quot;click&quot;,&quot;load_more_offset&quot;:{&quot;unit&quot;:&quot;px&quot;,&quot;size&quot;:0,&quot;sizes&quot;:[]},&quot;use_custom_post_types&quot;:&quot;&quot;,&quot;custom_post_types&quot;:[],&quot;hide_widget_if&quot;:&quot;&quot;,&quot;carousel_enabled&quot;:&quot;&quot;,&quot;slides_to_scroll&quot;:&quot;1&quot;,&quot;arrows&quot;:&quot;true&quot;,&quot;arrow_icon&quot;:&quot;fa fa-angle-left&quot;,&quot;dots&quot;:&quot;&quot;,&quot;autoplay&quot;:&quot;true&quot;,&quot;pause_on_hover&quot;:&quot;true&quot;,&quot;autoplay_speed&quot;:5000,&quot;infinite&quot;:&quot;true&quot;,&quot;center_mode&quot;:&quot;&quot;,&quot;effect&quot;:&quot;slide&quot;,&quot;speed&quot;:500,&quot;inject_alternative_items&quot;:&quot;&quot;,&quot;injection_items&quot;:[],&quot;scroll_slider_enabled&quot;:&quot;&quot;,&quot;scroll_slider_on&quot;:[&quot;desktop&quot;,&quot;tablet&quot;,&quot;mobile&quot;],&quot;custom_query&quot;:false,&quot;custom_query_id&quot;:&quot;&quot;,&quot;_element_id&quot;:&quot;&quot;}}\" data-page=\"1\" data-pages=\"1\" data-listing-source=\"posts\" data-listing-id=\"39969\" data-query-id=\"\"><div class=\"jet-listing-grid__item jet-listing-dynamic-post-45604\" data-post-id=\"45604\" >\t\t<div data-elementor-type=\"jet-listing-items\" data-elementor-id=\"39969\" class=\"elementor elementor-39969\" data-elementor-post-type=\"jet-engine\">\n\t\t\t\t<div class=\"elementor-element elementor-element-a384f54 e-flex e-con-boxed e-con e-parent\" data-id=\"a384f54\" data-element_type=\"container\" data-settings=\"{&quot;background_background&quot;:&quot;gradient&quot;}\" data-core-v316-plus=\"true\">\n\t\t\t\t\t<div class=\"e-con-inner\">\n\t\t<div class=\"elementor-element elementor-element-baf1411 e-con-full e-flex e-con e-parent\" data-id=\"baf1411\" data-element_type=\"container\" data-core-v316-plus=\"true\">\n\t\t\t\t<div class=\"elementor-element elementor-element-18ef800 elementor-widget elementor-widget-theme-post-featured-image elementor-widget-image\" data-id=\"18ef800\" data-element_type=\"widget\" data-widget_type=\"theme-post-featured-image.default\">\n\t\t\t\t<div class=\"elementor-widget-container\">\n\t\t\t<style>\/*! elementor - v3.20.0 - 26-03-2024 *\/\n.elementor-widget-image{text-align:center}.elementor-widget-image a{display:inline-block}.elementor-widget-image a img[src$=\".svg\"]{width:48px}.elementor-widget-image img{vertical-align:middle;display:inline-block}<\/style>\t\t\t\t\t\t\t\t\t\t<img fetchpriority=\"high\" decoding=\"async\" width=\"261\" height=\"300\" src=\"https:\/\/jid.org\/wp-content\/uploads\/2025\/06\/Gen_Macedo_2-261x300.jpg\" class=\"attachment-medium size-medium wp-image-45684\" alt=\"\" srcset=\"https:\/\/jid.org\/wp-content\/uploads\/2025\/06\/Gen_Macedo_2-261x300.jpg 261w, https:\/\/jid.org\/wp-content\/uploads\/2025\/06\/Gen_Macedo_2-890x1024.jpg 890w, https:\/\/jid.org\/wp-content\/uploads\/2025\/06\/Gen_Macedo_2-768x884.jpg 768w, https:\/\/jid.org\/wp-content\/uploads\/2025\/06\/Gen_Macedo_2-1334x1536.jpg 1334w, https:\/\/jid.org\/wp-content\/uploads\/2025\/06\/Gen_Macedo_2-10x12.jpg 10w, https:\/\/jid.org\/wp-content\/uploads\/2025\/06\/Gen_Macedo_2.jpg 1668w\" sizes=\"(max-width: 261px) 100vw, 261px\" \/>\t\t\t\t\t\t\t\t\t\t\t\t\t<\/div>\n\t\t\t\t<\/div>\n\t\t\t\t<\/div>\n\t\t<div class=\"elementor-element elementor-element-1266f76 e-flex e-con-boxed e-con e-parent\" data-id=\"1266f76\" data-element_type=\"container\" data-core-v316-plus=\"true\">\n\t\t\t\t\t<div class=\"e-con-inner\">\n\t\t\t\t<div class=\"elementor-element elementor-element-cab0fb8 elementor-widget elementor-widget-post-info\" data-id=\"cab0fb8\" data-element_type=\"widget\" data-widget_type=\"post-info.default\">\n\t\t\t\t<div class=\"elementor-widget-container\">\n\t\t\t<link rel=\"stylesheet\" href=\"https:\/\/jid.org\/wp-content\/plugins\/elementor\/assets\/css\/widget-icon-list.min.css\"><link rel=\"stylesheet\" href=\"https:\/\/jid.org\/wp-content\/plugins\/elementor-pro\/assets\/css\/widget-theme-elements.min.css\">\t\t<ul class=\"elementor-inline-items elementor-icon-list-items elementor-post-info\">\n\t\t\t\t\t\t\t\t<li class=\"elementor-icon-list-item elementor-repeater-item-ae13001 elementor-inline-item\" itemprop=\"about\">\n\t\t\t\t\t\t\t\t\t\t\t\t\t<span class=\"elementor-icon-list-text elementor-post-info__item elementor-post-info__item--type-terms\">\n\t\t\t\t\t\t\t\t\t\t<span class=\"elementor-post-info__terms-list\">\n\t\t\t\t<span class=\"elementor-post-info__terms-list-item\">Presidente<\/span>\t\t\t\t<\/span>\n\t\t\t\t\t<\/span>\n\t\t\t\t\t\t\t\t<\/li>\n\t\t\t\t<\/ul>\n\t\t\t\t<\/div>\n\t\t\t\t<\/div>\n\t\t\t\t<div class=\"elementor-element elementor-element-bf36b31 elementor-widget__width-inherit elementor-widget elementor-widget-heading\" data-id=\"bf36b31\" data-element_type=\"widget\" data-widget_type=\"heading.default\">\n\t\t\t\t<div class=\"elementor-widget-container\">\n\t\t\t<style>\/*! elementor - v3.20.0 - 26-03-2024 *\/\n.elementor-heading-title{padding:0;margin:0;line-height:1}.elementor-widget-heading .elementor-heading-title[class*=elementor-size-]>a{color:inherit;font-size:inherit;line-height:inherit}.elementor-widget-heading .elementor-heading-title.elementor-size-small{font-size:15px}.elementor-widget-heading .elementor-heading-title.elementor-size-medium{font-size:19px}.elementor-widget-heading .elementor-heading-title.elementor-size-large{font-size:29px}.elementor-widget-heading .elementor-heading-title.elementor-size-xl{font-size:39px}.elementor-widget-heading .elementor-heading-title.elementor-size-xxl{font-size:59px}<\/style><h2 class=\"elementor-heading-title elementor-size-default\">C\u00e9sar Augusto Macedo Garc\u00eda<\/h2>\t\t<\/div>\n\t\t\t\t<\/div>\n\t\t\t\t<div class=\"elementor-element elementor-element-a016203 elementor-icon-list--layout-inline elementor-widget__width-inherit elementor-list-item-link-full_width elementor-widget elementor-widget-icon-list\" data-id=\"a016203\" data-element_type=\"widget\" data-widget_type=\"icon-list.default\">\n\t\t\t\t<div class=\"elementor-widget-container\">\n\t\t\t\t\t<ul class=\"elementor-icon-list-items elementor-inline-items\">\n\t\t\t\t\t\t\t<li class=\"elementor-icon-list-item elementor-inline-item\">\n\t\t\t\t\t\t\t\t\t\t<span class=\"elementor-icon-list-text\">Major General<\/span>\n\t\t\t\t\t\t\t\t\t<\/li>\n\t\t\t\t\t\t\t\t<li class=\"elementor-icon-list-item elementor-inline-item\">\n\t\t\t\t\t\t\t\t\t\t<span class=\"elementor-icon-list-text\"><\/span>\n\t\t\t\t\t\t\t\t\t<\/li>\n\t\t\t\t\t\t<\/ul>\n\t\t\t\t<\/div>\n\t\t\t\t<\/div>\n\t\t\t\t<div class=\"elementor-element elementor-element-3748f9c elementor-widget elementor-widget-jet-listing-grid\" data-id=\"3748f9c\" data-element_type=\"widget\" data-settings=\"{&quot;columns&quot;:&quot;auto&quot;}\" data-widget_type=\"jet-listing-grid.default\">\n\t\t\t\t<div class=\"elementor-widget-container\">\n\t\t\t<div class=\"jet-listing-grid jet-listing\"><div class=\"jet-listing-grid__items grid-col-desk-auto grid-col-tablet-auto grid-col-mobile-auto jet-listing-grid--39567\" data-queried-id=\"45604|WP_Post\" data-nav=\"{&quot;enabled&quot;:false,&quot;type&quot;:null,&quot;more_el&quot;:null,&quot;query&quot;:[],&quot;widget_settings&quot;:{&quot;lisitng_id&quot;:39567,&quot;posts_num&quot;:1,&quot;columns&quot;:&quot;auto&quot;,&quot;columns_tablet&quot;:&quot;auto&quot;,&quot;columns_mobile&quot;:&quot;auto&quot;,&quot;is_archive_template&quot;:&quot;&quot;,&quot;post_status&quot;:[&quot;publish&quot;],&quot;use_random_posts_num&quot;:&quot;&quot;,&quot;max_posts_num&quot;:9,&quot;not_found_message&quot;:&quot;No data was found&quot;,&quot;is_masonry&quot;:false,&quot;equal_columns_height&quot;:&quot;&quot;,&quot;use_load_more&quot;:&quot;&quot;,&quot;load_more_id&quot;:&quot;&quot;,&quot;load_more_type&quot;:&quot;click&quot;,&quot;load_more_offset&quot;:{&quot;unit&quot;:&quot;px&quot;,&quot;size&quot;:0,&quot;sizes&quot;:[]},&quot;use_custom_post_types&quot;:&quot;&quot;,&quot;custom_post_types&quot;:[],&quot;hide_widget_if&quot;:&quot;&quot;,&quot;carousel_enabled&quot;:&quot;&quot;,&quot;slides_to_scroll&quot;:&quot;1&quot;,&quot;arrows&quot;:&quot;true&quot;,&quot;arrow_icon&quot;:&quot;fa fa-angle-left&quot;,&quot;dots&quot;:&quot;&quot;,&quot;autoplay&quot;:&quot;true&quot;,&quot;pause_on_hover&quot;:&quot;true&quot;,&quot;autoplay_speed&quot;:5000,&quot;infinite&quot;:&quot;true&quot;,&quot;center_mode&quot;:&quot;&quot;,&quot;effect&quot;:&quot;slide&quot;,&quot;speed&quot;:500,&quot;inject_alternative_items&quot;:&quot;&quot;,&quot;injection_items&quot;:[],&quot;scroll_slider_enabled&quot;:&quot;&quot;,&quot;scroll_slider_on&quot;:[&quot;desktop&quot;,&quot;tablet&quot;,&quot;mobile&quot;],&quot;custom_query&quot;:&quot;yes&quot;,&quot;custom_query_id&quot;:&quot;24&quot;,&quot;_element_id&quot;:&quot;&quot;}}\" data-page=\"1\" data-pages=\"1\" data-listing-source=\"query\" data-listing-id=\"39567\" data-query-id=\"24\"><div class=\"jet-listing-grid__item jet-listing-dynamic-post-38635\" data-post-id=\"38635\" >\t\t<div data-elementor-type=\"jet-listing-items\" data-elementor-id=\"39567\" class=\"elementor elementor-39567\" data-elementor-post-type=\"jet-engine\">\n\t\t\t\t<a class=\"elementor-element elementor-element-ccdcc02 e-con-full e-flex e-con e-parent\" data-id=\"ccdcc02\" data-element_type=\"container\" data-settings=\"{&quot;background_background&quot;:&quot;classic&quot;}\" data-core-v316-plus=\"true\" href=\"https:\/\/jid.org\/pt\/delegaciones\/peru\/\">\n\t\t\t\t<div class=\"elementor-element elementor-element-5f7d2d7 banderas-persona elementor-widget elementor-widget-jet-listing-dynamic-field\" data-id=\"5f7d2d7\" data-element_type=\"widget\" data-widget_type=\"jet-listing-dynamic-field.default\">\n\t\t\t\t<div class=\"elementor-widget-container\">\n\t\t\t<div class=\"jet-listing jet-listing-dynamic-field display-inline\"><div class=\"jet-listing-dynamic-field__inline-wrap\"><div class=\"jet-listing-dynamic-field__content\"><p class=\"flag-icon flag-icon-pe\"\nstyle=\"font-size:1.5em\"; id=\"flag\"><\/p>\n<h3 class=\"nombre-pais\">Peru<\/h3><\/div><\/div><\/div>\t\t<\/div>\n\t\t\t\t<\/div>\n\t\t\t\t<\/a>\n\t\t\t\t<\/div>\n\t\t<\/div><\/div><\/div>\t\t<\/div>\n\t\t\t\t<\/div>\n\t\t\t\t<div class=\"elementor-element elementor-element-c28ba54 elementor-widget elementor-widget-text-editor\" data-id=\"c28ba54\" data-element_type=\"widget\" data-widget_type=\"text-editor.default\">\n\t\t\t\t<div class=\"elementor-widget-container\">\n\t\t\t<style>\/*! elementor - v3.20.0 - 26-03-2024 *\/\n.elementor-widget-text-editor.elementor-drop-cap-view-stacked .elementor-drop-cap{background-color:#69727d;color:#fff}.elementor-widget-text-editor.elementor-drop-cap-view-framed .elementor-drop-cap{color:#69727d;border:3px solid;background-color:transparent}.elementor-widget-text-editor:not(.elementor-drop-cap-view-default) .elementor-drop-cap{margin-top:8px}.elementor-widget-text-editor:not(.elementor-drop-cap-view-default) .elementor-drop-cap-letter{width:1em;height:1em}.elementor-widget-text-editor .elementor-drop-cap{float:left;text-align:center;line-height:1;font-size:50px}.elementor-widget-text-editor .elementor-drop-cap-letter{display:inline-block}<\/style>\t\t\t\t<p>O major-general C\u00e9sar Macedo Garc\u00eda ingressou na For\u00e7a A\u00e9rea Peruana em 1988, graduando-se como segundo-tenente em 1992 com a distin\u00e7\u00e3o honor\u00e1ria &quot;Espada de Honra&quot; e como piloto militar em 1993, acumulando mais de 4.800 horas de voo como piloto instrutor, transporte estrat\u00e9gico\/t\u00e1tico e bombardeiro, al\u00e9m de servir como instrutor e piloto de testes.<\/p>\n<p>Ele ocupou cargos importantes, como Comandante de esquadr\u00f5es de treinamento e transporte, Chefe de Planos e Programas, Diretor da Escola de Avia\u00e7\u00e3o Civil, Comandante do Componente A\u00e9reo no VRAEM e Diretor de Planejamento Estrat\u00e9gico da FAP, Comandante Geral da Ala A\u00e9rea N e, posteriormente, Segundo Comandante do Comando de Controle Espacial e Cibern\u00e9tico.<\/p>\n<p>Atualmente, ele ocupa o cargo de Presidente do Conselho de Delegados da Junta Interamericana de Defesa (JID), uma posi\u00e7\u00e3o que reflete sua lideran\u00e7a multinacional e seu compromisso com a seguran\u00e7a hemisf\u00e9rica.<\/p>\n<p>Na \u00e1rea acad\u00eamica, estudou na Escola Avan\u00e7ada de Treinamento da For\u00e7a A\u00e9rea Brasileira, no Instituto Universit\u00e1rio Aeron\u00e1utico da For\u00e7a A\u00e9rea Argentina, no Instituto de Coopera\u00e7\u00e3o em Seguran\u00e7a do Hemisf\u00e9rio Ocidental do Ex\u00e9rcito dos EUA (WHINSEC), na Escola de Opera\u00e7\u00f5es Especiais da For\u00e7a A\u00e9rea dos EUA e no Col\u00e9gio Interamericano de Defesa (CID), em Washington, D.C., EUA. No Col\u00e9gio Interamericano de Defesa, integrou a turma 55 em 2015 e obteve o t\u00edtulo de Mestre em Ci\u00eancias em Defesa e Seguran\u00e7a Interamericana, al\u00e9m de diversos cursos internacionais nas \u00e1reas de seguran\u00e7a, defesa e lideran\u00e7a estrat\u00e9gica.<\/p>\n<p>Ele foi condecorado por Servi\u00e7os Excepcionais e Merit\u00f3rios, A\u00e7\u00e3o Distinta em Opera\u00e7\u00f5es Militares e com a Medalha Estrela de Prata da JID, consolidando uma carreira de excel\u00eancia e servi\u00e7o ao Peru e ao continente.<\/p>\n<p>O major-general FAP C\u00e9sar Macedo Garc\u00eda \u00e9 casado com a engenheira civil Cecilia Caballero Castro, com quem tem duas filhas, Joanna e Romina.<\/p>\n\t\t\t\t\t\t<\/div>\n\t\t\t\t<\/div>\n\t\t\t\t\t<\/div>\n\t\t\t\t<\/div>\n\t\t\t\t\t<\/div>\n\t\t\t\t<\/div>\n\t\t\t\t<\/div>\n\t\t<\/div><\/div><\/div>\t\t<\/div>\n\t\t\t\t<\/div>\n\t\t\t\t<\/div>\n\t\t\t\t\t<\/div>\n\t\t\t\t<\/div>\n\t\t\t\t<\/div>","protected":false},"excerpt":{"rendered":"<p>Home Presidente M\u00e9xico<\/p>","protected":false},"author":28,"featured_media":0,"parent":0,"menu_order":0,"comment_status":"closed","ping_status":"closed","template":"","meta":{"footnotes":""},"class_list":["post-371","page","type-page","status-publish","hentry"],"_links":{"self":[{"href":"https:\/\/jid.org\/pt\/wp-json\/wp\/v2\/pages\/371","targetHints":{"allow":["GET"]}}],"collection":[{"href":"https:\/\/jid.org\/pt\/wp-json\/wp\/v2\/pages"}],"about":[{"href":"https:\/\/jid.org\/pt\/wp-json\/wp\/v2\/types\/page"}],"author":[{"embeddable":true,"href":"https:\/\/jid.org\/pt\/wp-json\/wp\/v2\/users\/28"}],"replies":[{"embeddable":true,"href":"https:\/\/jid.org\/pt\/wp-json\/wp\/v2\/comments?post=371"}],"version-history":[{"count":20,"href":"https:\/\/jid.org\/pt\/wp-json\/wp\/v2\/pages\/371\/revisions"}],"predecessor-version":[{"id":45135,"href":"https:\/\/jid.org\/pt\/wp-json\/wp\/v2\/pages\/371\/revisions\/45135"}],"wp:attachment":[{"href":"https:\/\/jid.org\/pt\/wp-json\/wp\/v2\/media?parent=371"}],"curies":[{"name":"wp","href":"https:\/\/api.w.org\/{rel}","templated":true}]}}