{"id":3798,"date":"2019-04-02T22:36:28","date_gmt":"2019-04-03T02:36:28","guid":{"rendered":"https:\/\/opanlcom-cp6.wordpresstemporal.com\/JID\/?page_id=3798"},"modified":"2022-11-02T11:32:53","modified_gmt":"2022-11-02T15:32:53","slug":"compendio-de-busca-e-resgate","status":"publish","type":"page","link":"https:\/\/jid.org\/pt\/compendio-de-busca-e-resgate\/","title":{"rendered":"Comp\u00eandio de Busca e Resgate"},"content":{"rendered":"<div style=\"display: inline-block; border: 1px solid #c8ccd1; background-color: #f8f9fa; margin: 10px 12px; width: 255px;\">\n<div style=\"text-align: center; font-weight: bold;\">Ant\u00edgua e Barbuda<\/div>\n<div style=\"display: inline-block; width: 130px;\"><img decoding=\"async\" class=\"wp-image-944 size-full aligncenter\" style=\"margin: 5px 62px;\" src=\"jid.org\/wp-content\/uploads\/flag_Antigua_y_Barbuda.jpg\" alt=\"\" width=\"130\" height=\"87\"><\/div>\n<div style=\"text-align: center; font-size: 90%;\"><\/div>\n<\/div>\n<div style=\"display: inline-block; border: 1px solid #c8ccd1; background-color: #f8f9fa; margin: 10px 12px; width: 255px;\">\n<div style=\"text-align: center; font-weight: bold;\">Argentina<\/div>\n<div style=\"display: inline-block; width: 130px;\"><img decoding=\"async\" class=\"wp-image-945 size-full aligncenter\" style=\"margin: 5px 62px;\" src=\"jid.org\/wp-content\/uploads\/Flag_Argentina.jpg\" alt=\"\" width=\"130\" height=\"87\"><\/div>\n<div style=\"font-size: 90%;\"><\/div>\n<\/div>\n<div style=\"display: inline-block; border: 1px solid #c8ccd1; background-color: #f8f9fa; margin: 10px 12px; width: 255px;\">\n<div style=\"text-align: center; font-weight: bold;\">Bahamas<\/div>\n<div style=\"display: inline-block; width: 130px;\"><img decoding=\"async\" class=\"wp-image-944 size-full aligncenter\" style=\"margin: 5px 62px;\" src=\"jid.org\/wp-content\/uploads\/2019\/04\/flag_bahamas.jpg\" alt=\"\" width=\"130\" height=\"87\"><\/div>\n<div style=\"text-align: center; font-size: 90%;\"><\/div>\n<\/div>\n<div style=\"display: inline-block; border: 1px solid #c8ccd1; background-color: #f8f9fa; margin: 10px 12px; width: 255px;\">\n<div style=\"text-align: center; font-weight: bold;\">Barbados<\/div>\n<div style=\"display: inline-block; width: 130px;\"><img loading=\"lazy\" decoding=\"async\" class=\"wp-image-946 aligncenter\" style=\"margin: 5px 62px;\" src=\"jid.org\/wp-content\/uploads\/Flag_Barbados.jpg\" alt=\"\" width=\"130\" height=\"87\"><\/div>\n<div style=\"text-align: center; font-size: 90%;\"><\/div>\n<\/div>\n<div style=\"display: inline-block; border: 1px solid #c8ccd1; background-color: #f8f9fa; margin: 10px 12px; width: 255px;\">\n<div style=\"text-align: center; font-weight: bold;\">Belize<\/div>\n<div style=\"display: inline-block; width: 130px;\"><img loading=\"lazy\" decoding=\"async\" class=\"alignleft size-full wp-image-947\" style=\"margin: 5px 62px;\" src=\"jid.org\/wp-content\/uploads\/Flag_Belice.jpg\" alt=\"\" width=\"130\" height=\"87\"><\/div>\n<div style=\"text-align: center; font-size: 90%;\"><\/div>\n<\/div>\n<div style=\"display: inline-block; border: 1px solid #c8ccd1; background-color: #f8f9fa; margin: 10px 12px; width: 255px;\">\n<div style=\"text-align: center; font-weight: bold;\">Bol\u00edvia<\/div>\n<div style=\"display: inline-block; width: 130px;\"><img loading=\"lazy\" decoding=\"async\" class=\"wp-image-944 size-full aligncenter\" style=\"margin: 5px 62px;\" src=\"jid.org\/wp-content\/uploads\/2019\/04\/flag_bolivia.jpg\" alt=\"\" width=\"130\" height=\"87\"><\/div>\n<div style=\"text-align: center; font-size: 90%;\"><\/div>\n<\/div>\n<div style=\"display: inline-block; border: 1px solid #c8ccd1; background-color: #f8f9fa; margin: 10px 12px; width: 255px;\">\n<div style=\"text-align: center; font-weight: bold;\"><a href=\"https:\/\/drive.google.com\/file\/d\/1O8I9-7PCz8MEeojPNeIZI2_ldjoQmR_L\/view?usp=sharing\" target=\"_blank\" rel=\"noopener noreferrer nofollow\">Brasil<\/a><\/div>\n<div style=\"display: inline-block; width: 130px;\"><a href=\"https:\/\/drive.google.com\/file\/d\/1O8I9-7PCz8MEeojPNeIZI2_ldjoQmR_L\/view?usp=sharing\" target=\"_blank\" rel=\"noopener noreferrer nofollow\"><img loading=\"lazy\" decoding=\"async\" class=\"wp-image-948 size-full aligncenter\" style=\"margin: 5px 62px;\" src=\"jid.org\/wp-content\/uploads\/Flag_Brazil.jpg\" alt=\"\" width=\"130\" height=\"87\"><\/a><\/div>\n<div style=\"text-align: center; font-size: 90%;\"><\/div>\n<\/div>\n<div style=\"display: inline-block; border: 1px solid #c8ccd1; background-color: #f8f9fa; margin: 10px 12px; width: 255px;\">\n<div style=\"text-align: center; font-weight: bold;\"><a href=\"https:\/\/drive.google.com\/file\/d\/1PKGDrDemIvwTdG1Zqf55Q5KfSaG1XMSn\/view?usp=sharing\" target=\"_blank\" rel=\"noopener noreferrer nofollow\">Canad\u00e1<\/a><\/div>\n<div style=\"display: inline-block; width: 130px;\"><a href=\"https:\/\/drive.google.com\/file\/d\/1PKGDrDemIvwTdG1Zqf55Q5KfSaG1XMSn\/view?usp=sharing\" target=\"_blank\" rel=\"noopener noreferrer nofollow\"><img loading=\"lazy\" decoding=\"async\" class=\"alignleft size-full wp-image-961\" style=\"margin: 5px 62px;\" src=\"jid.org\/wp-content\/uploads\/Flag_Canada.jpg\" alt=\"\" width=\"130\" height=\"87\"><\/a><\/div>\n<div style=\"text-align: center; font-size: 90%;\"><\/div>\n<\/div>\n<div style=\"display: inline-block; border: 1px solid #c8ccd1; background-color: #f8f9fa; margin: 10px 12px; width: 255px;\">\n<div style=\"text-align: center; font-weight: bold;\">Chile<\/div>\n<div style=\"display: inline-block; width: 130px;\"><img loading=\"lazy\" decoding=\"async\" class=\"alignleft wp-image-962 size-full\" style=\"margin: 5px 62px;\" src=\"jid.org\/wp-content\/uploads\/Flag_Chile.jpg\" alt=\"\" width=\"130\" height=\"87\"><\/div>\n<div style=\"text-align: center; font-size: 90%;\"><\/div>\n<\/div>\n<div style=\"display: inline-block; border: 1px solid #c8ccd1; background-color: #f8f9fa; margin: 10px 12px; width: 255px;\">\n<div style=\"text-align: center; font-weight: bold;\">Col\u00f4mbia<\/div>\n<div style=\"display: inline-block; width: 130px;\"><img loading=\"lazy\" decoding=\"async\" class=\"wp-image-963 size-full aligncenter\" style=\"margin: 5px 62px;\" src=\"jid.org\/wp-content\/uploads\/Flag_Colombia.jpg\" alt=\"\" width=\"130\" height=\"87\"><\/div>\n<div style=\"text-align: center; font-size: 90%;\"><\/div>\n<\/div>\n<div style=\"display: inline-block; border: 1px solid #c8ccd1; background-color: #f8f9fa; margin: 10px 12px; width: 255px;\">\n<div style=\"text-align: center; font-weight: bold;\">Costa Rica<\/div>\n<div style=\"display: inline-block; width: 130px;\"><img loading=\"lazy\" decoding=\"async\" class=\"wp-image-944 size-full aligncenter\" style=\"margin: 5px 62px;\" src=\"jid.org\/wp-content\/uploads\/2019\/04\/flag_costa_rica.jpg\" alt=\"\" width=\"130\" height=\"87\"><\/div>\n<div style=\"text-align: center; font-size: 90%;\"><\/div>\n<\/div>\n<div style=\"display: inline-block; border: 1px solid #c8ccd1; background-color: #f8f9fa; margin: 10px 12px; width: 255px;\">\n<div style=\"text-align: center; font-weight: bold;\">Dom\u00ednica<\/div>\n<div style=\"display: inline-block; width: 130px;\"><img loading=\"lazy\" decoding=\"async\" class=\"wp-image-944 size-full aligncenter\" style=\"margin: 5px 62px;\" src=\"jid.org\/wp-content\/uploads\/2019\/04\/flag_dominica.jpg\" alt=\"\" width=\"130\" height=\"87\"><\/div>\n<div style=\"text-align: center; font-size: 90%;\"><\/div>\n<\/div>\n<div style=\"display: inline-block; border: 1px solid #c8ccd1; background-color: #f8f9fa; margin: 10px 12px; width: 255px;\">\n<div style=\"text-align: center; font-weight: bold;\">El Salvador<\/div>\n<div style=\"display: inline-block; width: 130px;\"><img loading=\"lazy\" decoding=\"async\" class=\"wp-image-1018 size-full alignleft\" style=\"margin: 5px 62px;\" src=\"jid.org\/wp-content\/uploads\/Flag_El_Salvador.jpg\" alt=\"\" width=\"130\" height=\"87\"><\/div>\n<div style=\"text-align: center; font-size: 90%;\"><\/div>\n<\/div>\n<div style=\"display: inline-block; border: 1px solid #c8ccd1; background-color: #f8f9fa; margin: 10px 12px; width: 255px;\">\n<div style=\"text-align: center; font-weight: bold;\">Equador<\/div>\n<div style=\"display: inline-block; width: 130px;\"><img loading=\"lazy\" decoding=\"async\" class=\"wp-image-1018 size-full alignleft\" style=\"margin: 5px 62px;\" src=\"jid.org\/wp-content\/uploads\/2019\/04\/flag_equador.jpg\" alt=\"\" width=\"130\" height=\"87\"><\/div>\n<div style=\"text-align: center; font-size: 90%;\"><\/div>\n<\/div>\n<div style=\"display: inline-block; border: 1px solid #c8ccd1; background-color: #f8f9fa; margin: 10px 12px; width: 255px;\">\n<div style=\"text-align: center; font-weight: bold;\">Granada<\/div>\n<div style=\"display: inline-block; width: 130px;\"><img loading=\"lazy\" decoding=\"async\" class=\"wp-image-1019 size-full alignleft\" style=\"margin: 5px 62px;\" src=\"jid.org\/wp-content\/uploads\/Flag_Grenada.jpg\" alt=\"\" width=\"130\" height=\"87\"><\/div>\n<div style=\"text-align: center; font-size: 90%;\"><\/div>\n<\/div>\n<div style=\"display: inline-block; border: 1px solid #c8ccd1; background-color: #f8f9fa; margin: 10px 12px; width: 255px;\">\n<div style=\"text-align: center; font-weight: bold;\"><a href=\"https:\/\/drive.google.com\/file\/d\/1di4CeWp0jEX6FoP0o8cmuPaAKjcTh0Rh\/view?usp=sharing\" target=\"_blank\" rel=\"noopener noreferrer nofollow\">Guatemala<\/a><\/div>\n<div style=\"display: inline-block; width: 130px;\"><a href=\"https:\/\/drive.google.com\/file\/d\/1di4CeWp0jEX6FoP0o8cmuPaAKjcTh0Rh\/view?usp=sharing\" target=\"_blank\" rel=\"noopener noreferrer nofollow\"><img loading=\"lazy\" decoding=\"async\" class=\"wp-image-1020 size-full alignleft\" style=\"margin: 5px 62px;\" src=\"jid.org\/wp-content\/uploads\/Flag_Guatemala.jpg\" alt=\"\" width=\"130\" height=\"87\"><\/a><\/div>\n<div style=\"text-align: center; font-size: 90%;\"><\/div>\n<\/div>\n<div style=\"display: inline-block; border: 1px solid #c8ccd1; background-color: #f8f9fa; margin: 10px 12px; width: 255px;\">\n<div style=\"text-align: center; font-weight: bold;\">Guiana<\/div>\n<div style=\"display: inline-block; width: 130px;\"><img loading=\"lazy\" decoding=\"async\" class=\"alignleft size-full wp-image-939\" style=\"margin: 5px 62px;\" src=\"jid.org\/wp-content\/uploads\/Flag_Guyana.jpg\" alt=\"\" width=\"130\" height=\"87\"><\/div>\n<div style=\"text-align: center; font-size: 90%;\"><\/div>\n<\/div>\n<div style=\"display: inline-block; border: 1px solid #c8ccd1; background-color: #f8f9fa; margin: 10px 12px; width: 255px;\">\n<div style=\"text-align: center; font-weight: bold;\">Haiti<\/div>\n<div style=\"display: inline-block; width: 130px;\"><img loading=\"lazy\" decoding=\"async\" class=\"alignleft size-full wp-image-945\" style=\"margin: 5px 62px;\" src=\"jid.org\/wp-content\/uploads\/Flag_Haiti.jpg\" alt=\"\" width=\"130\" height=\"87\"><\/div>\n<div style=\"text-align: center; font-size: 90%;\"><\/div>\n<\/div>\n<div style=\"display: inline-block; border: 1px solid #c8ccd1; background-color: #f8f9fa; margin: 10px 12px; width: 255px;\">\n<div style=\"text-align: center; font-weight: bold;\"><a href=\"https:\/\/drive.google.com\/file\/d\/17OpFKDNxhCbxt6Kjl1ztQ--NtYTvcMmj\/view?usp=sharing\" target=\"_blank\" rel=\"noopener noreferrer nofollow\">Honduras<\/a><\/div>\n<div style=\"display: inline-block; width: 130px;\"><a href=\"https:\/\/drive.google.com\/file\/d\/17OpFKDNxhCbxt6Kjl1ztQ--NtYTvcMmj\/view?usp=sharing\" target=\"_blank\" rel=\"noopener noreferrer nofollow\"><img loading=\"lazy\" decoding=\"async\" class=\"alignleft size-full wp-image-948\" style=\"margin: 5px 62px;\" src=\"jid.org\/wp-content\/uploads\/Flag_Honduras.jpg\" alt=\"\" width=\"130\" height=\"87\"><\/a><\/div>\n<div style=\"text-align: center; font-size: 90%;\"><\/div>\n<\/div>\n<div style=\"display: inline-block; border: 1px solid #c8ccd1; background-color: #f8f9fa; margin: 10px 12px; width: 255px;\">\n<div style=\"text-align: center; font-weight: bold;\">Jamaica<\/div>\n<div style=\"display: inline-block; width: 130px;\"><img loading=\"lazy\" decoding=\"async\" class=\"alignleft size-full wp-image-954\" style=\"margin: 5px 62px;\" src=\"jid.org\/wp-content\/uploads\/Flag_Jamaica.jpg\" alt=\"\" width=\"130\" height=\"87\"><\/div>\n<div style=\"text-align: center; font-size: 90%;\"><\/div>\n<\/div>\n<div style=\"display: inline-block; border: 1px solid #c8ccd1; background-color: #f8f9fa; margin: 10px 12px; width: 255px;\">\n<div style=\"text-align: center; font-weight: bold;\"><a href=\"https:\/\/drive.google.com\/file\/d\/1B0unUvDJrWaKvsJlfn1wz8GL_JoUfJJi\/view?usp=sharing\" target=\"_blank\" rel=\"noopener noreferrer nofollow\">M\u00e9xico<\/a><\/div>\n<div style=\"display: inline-block; width: 130px;\"><a href=\"https:\/\/drive.google.com\/file\/d\/1B0unUvDJrWaKvsJlfn1wz8GL_JoUfJJi\/view?usp=sharing\" target=\"_blank\" rel=\"noopener noreferrer nofollow\"><img loading=\"lazy\" decoding=\"async\" class=\"alignleft wp-image-961 size-full\" style=\"margin: 5px 62px;\" src=\"jid.org\/wp-content\/uploads\/Flag_Mexico.jpg\" alt=\"\" width=\"130\" height=\"87\"><\/a><\/div>\n<div style=\"text-align: center; font-size: 90%;\"><\/div>\n<\/div>\n<div style=\"display: inline-block; border: 1px solid #c8ccd1; background-color: #f8f9fa; margin: 10px 12px; width: 255px;\">\n<div style=\"text-align: center; font-weight: bold;\">Nicar\u00e1gua<\/div>\n<div style=\"display: inline-block; width: 130px;\"><img loading=\"lazy\" decoding=\"async\" class=\"alignleft wp-image-970 size-full\" style=\"margin: 5px 62px;\" src=\"jid.org\/wp-content\/uploads\/Flag_Nicaragua.jpg\" alt=\"\" width=\"130\" height=\"87\"><\/div>\n<div style=\"text-align: center; font-size: 90%;\"><\/div>\n<\/div>\n<div style=\"display: inline-block; border: 1px solid #c8ccd1; background-color: #f8f9fa; margin: 10px 12px; width: 255px;\">\n<div style=\"text-align: center; font-weight: bold;\">Panam\u00e1<\/div>\n<div style=\"display: inline-block; width: 130px;\"><img loading=\"lazy\" decoding=\"async\" class=\"alignleft wp-image-972 size-full\" style=\"margin: 5px 62px;\" src=\"jid.org\/wp-content\/uploads\/Flag_Panama.jpg\" alt=\"\" width=\"130\" height=\"87\"><\/div>\n<div style=\"text-align: center; font-size: 90%;\"><\/div>\n<\/div>\n<div style=\"display: inline-block; border: 1px solid #c8ccd1; background-color: #f8f9fa; margin: 10px 12px; width: 255px;\">\n<div style=\"text-align: center; font-weight: bold;\"><a href=\"https:\/\/drive.google.com\/file\/d\/19kmqudNY1EfFGsPGyXhrq1W1HauExBfk\/view?usp=sharing\" target=\"_blank\" rel=\"noopener noreferrer nofollow\">Paraguai<\/a><\/div>\n<div style=\"display: inline-block; width: 130px;\"><a href=\"https:\/\/drive.google.com\/file\/d\/19kmqudNY1EfFGsPGyXhrq1W1HauExBfk\/view?usp=sharing\" target=\"_blank\" rel=\"noopener noreferrer nofollow\"><img loading=\"lazy\" decoding=\"async\" class=\"alignleft wp-image-975 size-full\" style=\"margin: 5px 62px;\" src=\"jid.org\/wp-content\/uploads\/Flag_Paraguai.jpg\" alt=\"\" width=\"130\" height=\"87\"><\/a><\/div>\n<div style=\"text-align: center; font-size: 90%;\"><\/div>\n<\/div>\n<div style=\"display: inline-block; border: 1px solid #c8ccd1; background-color: #f8f9fa; margin: 10px 12px; width: 255px;\">\n<div style=\"text-align: center; font-weight: bold;\"><a href=\"https:\/\/drive.google.com\/file\/d\/14sWWrYH4Siu3os-_LR8A7gTq71pLrv7z\/view?usp=sharing\" target=\"_blank\" rel=\"noopener noreferrer nofollow\">Peru<\/a><\/div>\n<div style=\"display: inline-block; width: 130px;\"><a href=\"https:\/\/drive.google.com\/file\/d\/14sWWrYH4Siu3os-_LR8A7gTq71pLrv7z\/view?usp=sharing\" target=\"_blank\" rel=\"noopener noreferrer nofollow\"><img loading=\"lazy\" decoding=\"async\" class=\"alignleft wp-image-994 size-full\" style=\"margin: 5px 62px;\" src=\"jid.org\/wp-content\/uploads\/Flag_Peru.jpg\" alt=\"\" width=\"130\" height=\"87\"><\/a><\/div>\n<div style=\"text-align: center; font-size: 90%;\"><\/div>\n<\/div>\n<div style=\"display: inline-block; border: 1px solid #c8ccd1; background-color: #f8f9fa; margin: 10px 12px; width: 255px;\">\n<div style=\"text-align: center; font-weight: bold;\"><a href=\"https:\/\/drive.google.com\/file\/d\/1Cud7DgXneih637VZjcyqiU1yRFfu-gb8\/view?usp=sharing\" target=\"_blank\" rel=\"noopener noreferrer nofollow\">Rep\u00fablica Dominicana<\/a><\/div>\n<div style=\"display: inline-block; width: 130px;\"><a href=\"https:\/\/drive.google.com\/file\/d\/1Cud7DgXneih637VZjcyqiU1yRFfu-gb8\/view?usp=sharing\" target=\"_blank\" rel=\"noopener noreferrer nofollow\"><img loading=\"lazy\" decoding=\"async\" class=\"alignleft wp-image-1017 size-full\" style=\"margin: 5px 62px;\" src=\"jid.org\/wp-content\/uploads\/Flag_Rep-Dominicana.jpg\" alt=\"\" width=\"130\" height=\"87\"><\/a><\/div>\n<div style=\"text-align: center; font-size: 90%;\"><\/div>\n<\/div>\n<div style=\"display: inline-block; border: 1px solid #c8ccd1; background-color: #f8f9fa; margin: 10px 12px; width: 255px;\">\n<div style=\"text-align: center; font-weight: bold;\">S\u00e3o Crist\u00f3v\u00e3o e Neves<\/div>\n<div style=\"display: inline-block; width: 130px;\"><img loading=\"lazy\" decoding=\"async\" class=\"alignleft wp-image-1003 size-full\" style=\"margin: 5px 62px;\" src=\"jid.org\/wp-content\/uploads\/Flag_Saint_Kittis_y_Nevis.jpg\" alt=\"\" width=\"130\" height=\"87\"><\/div>\n<div style=\"text-align: center; font-size: 90%;\"><\/div>\n<\/div>\n<div style=\"display: inline-block; border: 1px solid #c8ccd1; background-color: #f8f9fa; margin: 10px 12px; width: 255px;\">\n<div style=\"text-align: center; font-weight: bold;\"><a href=\"https:\/\/drive.google.com\/file\/d\/1_AhH_IgUmCmXerX358ZjzJ9Rbx7FUE37\/view?usp=sharing\" target=\"_blank\" rel=\"noopener noreferrer nofollow\">Santa L\u00facia<\/a><\/div>\n<div style=\"display: inline-block; width: 130px;\"><a href=\"https:\/\/drive.google.com\/file\/d\/1_AhH_IgUmCmXerX358ZjzJ9Rbx7FUE37\/view?usp=sharing\" target=\"_blank\" rel=\"noopener noreferrer nofollow\"><img loading=\"lazy\" decoding=\"async\" class=\"wp-image-1018 size-full alignleft\" style=\"margin: 5px 62px;\" src=\"jid.org\/wp-content\/uploads\/2019\/04\/flag_santa_lucia.jpg\" alt=\"\" width=\"130\" height=\"87\"><\/a><\/div>\n<div style=\"text-align: center; font-size: 90%;\"><\/div>\n<\/div>\n<div style=\"display: inline-block; border: 1px solid #c8ccd1; background-color: #f8f9fa; margin: 10px 12px; width: 255px;\">\n<div style=\"text-align: center; font-weight: bold;\">S\u00e3o Vicente e Granadinas<\/div>\n<div style=\"display: inline-block; width: 130px;\"><img loading=\"lazy\" decoding=\"async\" class=\"alignleft wp-image-1017 size-full\" style=\"margin: 5px 62px;\" src=\"jid.org\/wp-content\/uploads\/2019\/04\/flag_sao_vicente_granadinas.jpg\" alt=\"\" width=\"130\" height=\"87\"><\/div>\n<div style=\"text-align: center; font-size: 90%;\"><\/div>\n<\/div>\n<div style=\"display: inline-block; border: 1px solid #c8ccd1; background-color: #f8f9fa; margin: 10px 12px; width: 255px;\">\n<div style=\"text-align: center; font-weight: bold;\">Suriname<\/div>\n<div style=\"display: inline-block; width: 130px;\"><img loading=\"lazy\" decoding=\"async\" class=\"alignleft wp-image-1002 size-full\" style=\"margin: 5px 62px;\" src=\"jid.org\/wp-content\/uploads\/Flag_Suriname.jpg\" alt=\"\" width=\"130\" height=\"87\"><\/div>\n<div style=\"text-align: center; font-size: 90%;\"><\/div>\n<\/div>\n<div style=\"display: inline-block; border: 1px solid #c8ccd1; background-color: #f8f9fa; margin: 10px 12px; width: 255px;\">\n<div style=\"text-align: center; font-weight: bold;\">Trinidad e Tobago<\/div>\n<div style=\"display: inline-block; width: 130px;\"><img loading=\"lazy\" decoding=\"async\" class=\"alignleft wp-image-1001 size-full\" style=\"margin: 5px 62px;\" src=\"jid.org\/wp-content\/uploads\/Flag_Trinidad_y_Tobago.jpg\" alt=\"\" width=\"130\" height=\"87\"><\/div>\n<div style=\"text-align: center; font-size: 90%;\"><\/div>\n<\/div>\n<div style=\"display: inline-block; border: 1px solid #c8ccd1; background-color: #f8f9fa; margin: 10px 12px; width: 255px;\">\n<div style=\"text-align: center; font-weight: bold;\">EUA<\/div>\n<div style=\"display: inline-block; width: 130px;\"><img loading=\"lazy\" decoding=\"async\" class=\"alignleft wp-image-1000 size-full\" style=\"margin: 5px 62px;\" src=\"jid.org\/wp-content\/uploads\/Flag_USA.jpg\" alt=\"\" width=\"130\" height=\"87\"><\/div>\n<div style=\"text-align: center; font-size: 90%;\"><\/div>\n<\/div>\n<div style=\"display: inline-block; border: 1px solid #c8ccd1; background-color: #f8f9fa; margin: 10px 12px; width: 255px;\">\n<div style=\"text-align: center; font-weight: bold;\"><a href=\"https:\/\/drive.google.com\/file\/d\/1OpVEutlqmOoT3Dy8fYzsLohkV7QbMVBU\/view?usp=sharing\" target=\"_blank\" rel=\"noopener noreferrer nofollow\">Uruguai<\/a><\/div>\n<div style=\"display: inline-block; width: 130px;\"><a href=\"https:\/\/drive.google.com\/file\/d\/1OpVEutlqmOoT3Dy8fYzsLohkV7QbMVBU\/view?usp=sharing\" target=\"_blank\" rel=\"noopener noreferrer nofollow\"><img loading=\"lazy\" decoding=\"async\" class=\"alignleft wp-image-998 size-full\" style=\"margin: 5px 62px;\" src=\"jid.org\/wp-content\/uploads\/Flag_Uruguay.jpg\" alt=\"\" width=\"130\" height=\"87\"><\/a><\/div>\n<div style=\"text-align: center; font-size: 90%;\"><\/div>\n<\/div>\n<div style=\"display: inline-block; border: 1px solid #c8ccd1; background-color: #f8f9fa; margin: 10px 12px; width: 255px;\">\n<div style=\"text-align: center; font-weight: bold;\">Venezuela<\/div>\n<div style=\"display: inline-block; width: 130px;\"><img loading=\"lazy\" decoding=\"async\" class=\"alignleft wp-image-996 size-full\" style=\"margin: 5px 62px;\" src=\"jid.org\/wp-content\/uploads\/Flag_Venezuela.jpg\" alt=\"\" width=\"130\" height=\"87\"><\/div>\n<div style=\"text-align: center; font-size: 90%;\"><\/div>\n<\/div>","protected":false},"excerpt":{"rendered":"<p>Ant\u00edgua e Barbuda Argentina Bahamas Barbados Belize Bol\u00edvia Brasil Canad\u00e1 Chile Col\u00f4mbia Costa Rica Dominica El Salvador Equador Granada Guatemala Guiana Haiti Honduras Jamaica M\u00e9xico Nicar\u00e1gua Panam\u00e1 Paraguai Peru Rep\u00fablica Dominicana S\u00e3o Crist\u00f3v\u00e3o e Neves Santa L\u00facia S\u00e3o Vicente e Granadinas Suriname Trindade e Tobago EUA Uruguai Venezuela<\/p>","protected":false},"author":28,"featured_media":0,"parent":0,"menu_order":0,"comment_status":"closed","ping_status":"closed","template":"","meta":{"footnotes":""},"class_list":["post-3798","page","type-page","status-publish","hentry"],"_links":{"self":[{"href":"https:\/\/jid.org\/pt\/wp-json\/wp\/v2\/pages\/3798","targetHints":{"allow":["GET"]}}],"collection":[{"href":"https:\/\/jid.org\/pt\/wp-json\/wp\/v2\/pages"}],"about":[{"href":"https:\/\/jid.org\/pt\/wp-json\/wp\/v2\/types\/page"}],"author":[{"embeddable":true,"href":"https:\/\/jid.org\/pt\/wp-json\/wp\/v2\/users\/28"}],"replies":[{"embeddable":true,"href":"https:\/\/jid.org\/pt\/wp-json\/wp\/v2\/comments?post=3798"}],"version-history":[{"count":1,"href":"https:\/\/jid.org\/pt\/wp-json\/wp\/v2\/pages\/3798\/revisions"}],"predecessor-version":[{"id":35882,"href":"https:\/\/jid.org\/pt\/wp-json\/wp\/v2\/pages\/3798\/revisions\/35882"}],"wp:attachment":[{"href":"https:\/\/jid.org\/pt\/wp-json\/wp\/v2\/media?parent=3798"}],"curies":[{"name":"wp","href":"https:\/\/api.w.org\/{rel}","templated":true}]}}