{"id":39344,"date":"2023-10-06T14:41:47","date_gmt":"2023-10-06T18:41:47","guid":{"rendered":"https:\/\/opanlcom-cp6.wordpresstemporal.com\/JID\/?page_id=39344"},"modified":"2025-04-16T09:17:39","modified_gmt":"2025-04-16T13:17:39","slug":"nosotros","status":"publish","type":"page","link":"https:\/\/jid.org\/pt\/nosotros\/","title":{"rendered":"N\u00f3s"},"content":{"rendered":"<div data-elementor-type=\"wp-page\" data-elementor-id=\"39344\" class=\"elementor elementor-39344\" data-elementor-post-type=\"page\">\n\t\t\t\t<div class=\"elementor-element elementor-element-7bc055e e-flex e-con-boxed e-con e-parent\" data-id=\"7bc055e\" data-element_type=\"container\" data-settings=\"{&quot;background_background&quot;:&quot;slideshow&quot;,&quot;background_slideshow_gallery&quot;:[{&quot;id&quot;:38246,&quot;url&quot;:&quot;https:\\\/\\\/jid.org\\\/wp-content\\\/uploads\\\/2023\\\/05\\\/FOTO-1-27.jpg&quot;},{&quot;id&quot;:38200,&quot;url&quot;:&quot;https:\\\/\\\/jid.org\\\/wp-content\\\/uploads\\\/2023\\\/05\\\/FOTO-5-scaled.jpg&quot;},{&quot;id&quot;:38106,&quot;url&quot;:&quot;https:\\\/\\\/jid.org\\\/wp-content\\\/uploads\\\/2023\\\/05\\\/FOTO-2-11.jpg&quot;},{&quot;id&quot;:37698,&quot;url&quot;:&quot;https:\\\/\\\/jid.org\\\/wp-content\\\/uploads\\\/2023\\\/04\\\/FOTO-2-6.jpg&quot;},{&quot;id&quot;:38208,&quot;url&quot;:&quot;https:\\\/\\\/jid.org\\\/wp-content\\\/uploads\\\/2023\\\/05\\\/FOTO-4-5.jpg&quot;},{&quot;id&quot;:37928,&quot;url&quot;:&quot;https:\\\/\\\/jid.org\\\/wp-content\\\/uploads\\\/2023\\\/05\\\/CNIE-CTI-Foto-3-2.jpg&quot;},{&quot;id&quot;:36567,&quot;url&quot;:&quot;https:\\\/\\\/jid.org\\\/wp-content\\\/uploads\\\/2023\\\/01\\\/Foto1-2-scaled.jpg&quot;},{&quot;id&quot;:35791,&quot;url&quot;:&quot;https:\\\/\\\/jid.org\\\/wp-content\\\/uploads\\\/2022\\\/10\\\/IMAGE2-2-3.jpg&quot;},{&quot;id&quot;:35777,&quot;url&quot;:&quot;https:\\\/\\\/jid.org\\\/wp-content\\\/uploads\\\/2022\\\/10\\\/IMAGE1-18.jpg&quot;}],&quot;background_slideshow_ken_burns&quot;:&quot;yes&quot;,&quot;background_slideshow_loop&quot;:&quot;yes&quot;,&quot;background_slideshow_slide_duration&quot;:5000,&quot;background_slideshow_slide_transition&quot;:&quot;fade&quot;,&quot;background_slideshow_transition_duration&quot;:500,&quot;background_slideshow_ken_burns_zoom_direction&quot;:&quot;in&quot;}\" data-core-v316-plus=\"true\">\n\t\t\t\t\t<div class=\"e-con-inner\">\n\t\t\t\t<div class=\"elementor-element elementor-element-5f26c33 elementor-widget elementor-widget-heading\" data-id=\"5f26c33\" data-element_type=\"widget\" data-widget_type=\"heading.default\">\n\t\t\t\t<div class=\"elementor-widget-container\">\n\t\t\t<style>\/*! elementor - v3.20.0 - 26-03-2024 *\/\n.elementor-heading-title{padding:0;margin:0;line-height:1}.elementor-widget-heading .elementor-heading-title[class*=elementor-size-]>a{color:inherit;font-size:inherit;line-height:inherit}.elementor-widget-heading .elementor-heading-title.elementor-size-small{font-size:15px}.elementor-widget-heading .elementor-heading-title.elementor-size-medium{font-size:19px}.elementor-widget-heading .elementor-heading-title.elementor-size-large{font-size:29px}.elementor-widget-heading .elementor-heading-title.elementor-size-xl{font-size:39px}.elementor-widget-heading .elementor-heading-title.elementor-size-xxl{font-size:59px}<\/style><h1 class=\"elementor-heading-title elementor-size-default\">N\u00f3s<\/h1>\t\t<\/div>\n\t\t\t\t<\/div>\n\t\t\t\t\t<\/div>\n\t\t\t\t<\/div>\n\t\t<div class=\"elementor-element elementor-element-11e37ea e-flex e-con-boxed e-con e-parent\" data-id=\"11e37ea\" data-element_type=\"container\" data-core-v316-plus=\"true\">\n\t\t\t\t\t<div class=\"e-con-inner\">\n\t\t\t\t<div class=\"elementor-element elementor-element-848f20f elementor-widget elementor-widget-global elementor-global-43435 elementor-widget-jet-breadcrumbs\" data-id=\"848f20f\" data-element_type=\"widget\" data-widget_type=\"jet-breadcrumbs.default\">\n\t\t\t\t<div class=\"elementor-widget-container\">\n\t\t\t<div class=\"elementor-jet-breadcrumbs jet-blocks\">\n\t\t<div class=\"jet-breadcrumbs\">\n\t\t<div class=\"jet-breadcrumbs__content\">\n\t\t<div class=\"jet-breadcrumbs__wrap\"><div class=\"jet-breadcrumbs__item\"><a href=\"https:\/\/jid.org\/pt\/\" class=\"jet-breadcrumbs__item-link is-home\" rel=\"home\" title=\"Come\u00e7ar\">Come\u00e7ar<\/a><\/div>\n\t\t<\/div>\n\t\t<\/div>\n\t\t<\/div><\/div>\t\t<\/div>\n\t\t\t\t<\/div>\n\t\t\t\t\t<\/div>\n\t\t\t\t<\/div>\n\t\t<div class=\"elementor-element elementor-element-b29107a e-flex e-con-boxed e-con e-parent\" data-id=\"b29107a\" data-element_type=\"container\" data-core-v316-plus=\"true\">\n\t\t\t\t\t<div class=\"e-con-inner\">\n\t\t\t\t<div class=\"elementor-element elementor-element-b0284df elementor-widget__width-inherit elementor-widget elementor-widget-heading\" data-id=\"b0284df\" data-element_type=\"widget\" data-widget_type=\"heading.default\">\n\t\t\t\t<div class=\"elementor-widget-container\">\n\t\t\t<h2 class=\"elementor-heading-title elementor-size-default\">Quem somos?<\/h2>\t\t<\/div>\n\t\t\t\t<\/div>\n\t\t\t\t<div class=\"elementor-element elementor-element-0c68586 elementor-widget__width-initial elementor-widget-mobile__width-inherit elementor-widget elementor-widget-text-editor\" data-id=\"0c68586\" data-element_type=\"widget\" data-widget_type=\"text-editor.default\">\n\t\t\t\t<div class=\"elementor-widget-container\">\n\t\t\t<style>\/*! elementor - v3.20.0 - 26-03-2024 *\/\n.elementor-widget-text-editor.elementor-drop-cap-view-stacked .elementor-drop-cap{background-color:#69727d;color:#fff}.elementor-widget-text-editor.elementor-drop-cap-view-framed .elementor-drop-cap{color:#69727d;border:3px solid;background-color:transparent}.elementor-widget-text-editor:not(.elementor-drop-cap-view-default) .elementor-drop-cap{margin-top:8px}.elementor-widget-text-editor:not(.elementor-drop-cap-view-default) .elementor-drop-cap-letter{width:1em;height:1em}.elementor-widget-text-editor .elementor-drop-cap{float:left;text-align:center;line-height:1;font-size:50px}.elementor-widget-text-editor .elementor-drop-cap-letter{display:inline-block}<\/style>\t\t\t\t<p>A Junta Interamericana de Defesa (BID) \u00e9 uma entidade da Organiza\u00e7\u00e3o dos Estados Americanos (OEA) dedicada a promover a coopera\u00e7\u00e3o em defesa e seguran\u00e7a hemisf\u00e9rica. Foi\u00a0<a href=\"https:\/\/jid.org\/pt\/historia\/\">fundada em 1942<\/a>\u00a0durante a Terceira Reuni\u00e3o de Consulta dos Ministros das Rela\u00e7\u00f5es Exteriores das Rep\u00fablicas Americanas.<\/p>\n<p>Atualmente \u00e9 composta por\u00a0<a href=\"https:\/\/jid.org\/pt\/delegaciones\/\">28 pa\u00edses membros<\/a>.<\/p>\n<p>Nossa miss\u00e3o \u00e9 prestar assist\u00eancia t\u00e9cnica e educacional aos Estados membros da OEA em quest\u00f5es relacionadas \u00e0 defesa nacional, controle de armas, fortalecimento da confian\u00e7a e seguran\u00e7a, a\u00e7\u00e3o humanit\u00e1ria e outras quest\u00f5es de interesse comum para a regi\u00e3o.<\/p>\n\t\t\t\t\t\t<\/div>\n\t\t\t\t<\/div>\n\t\t\t\t<div class=\"elementor-element elementor-element-c58a3b7 elementor-widget__width-initial elementor-widget-mobile__width-inherit elementor-skin-carousel elementor-widget elementor-widget-media-carousel\" data-id=\"c58a3b7\" data-element_type=\"widget\" data-settings=\"{&quot;effect&quot;:&quot;fade&quot;,&quot;skin&quot;:&quot;carousel&quot;,&quot;speed&quot;:500,&quot;autoplay&quot;:&quot;yes&quot;,&quot;autoplay_speed&quot;:5000,&quot;loop&quot;:&quot;yes&quot;,&quot;pause_on_hover&quot;:&quot;yes&quot;,&quot;pause_on_interaction&quot;:&quot;yes&quot;,&quot;space_between&quot;:{&quot;unit&quot;:&quot;px&quot;,&quot;size&quot;:10,&quot;sizes&quot;:[]},&quot;space_between_tablet&quot;:{&quot;unit&quot;:&quot;px&quot;,&quot;size&quot;:10,&quot;sizes&quot;:[]},&quot;space_between_mobile&quot;:{&quot;unit&quot;:&quot;px&quot;,&quot;size&quot;:10,&quot;sizes&quot;:[]}}\" data-widget_type=\"media-carousel.default\">\n\t\t\t\t<div class=\"elementor-widget-container\">\n\t\t\t<link rel=\"stylesheet\" href=\"https:\/\/jid.org\/wp-content\/plugins\/elementor-pro\/assets\/css\/widget-carousel.min.css\">\t\t<div class=\"elementor-swiper\">\n\t\t\t<div class=\"elementor-main-swiper swiper\">\n\t\t\t\t<div class=\"swiper-wrapper\">\n\t\t\t\t\t\t\t\t\t\t\t<div class=\"swiper-slide\">\n\t\t\t\t\t\t\t\t\t<div class=\"elementor-carousel-image\" role=\"img\" aria-label=\"LOGO-JID2023\" style=\"background-image: url(&#039;https:\/\/jid.org\/wp-content\/uploads\/2023\/06\/LOGO-JID2023-e1687664355336.png&#039;)\">\n\n\t\t\t\n\t\t\t\t\t<\/div>\n\t\t\t\t\t\t\t\t<\/div>\n\t\t\t\t\t\t\t\t\t\t\t<div class=\"swiper-slide\">\n\t\t\t\t\t\t\t\t\t<div class=\"elementor-carousel-image\" role=\"img\" aria-label=\"JID\" style=\"background-image: url(&#039;https:\/\/jid.org\/wp-content\/uploads\/2023\/03\/JID.png&#039;)\">\n\n\t\t\t\n\t\t\t\t\t<\/div>\n\t\t\t\t\t\t\t\t<\/div>\n\t\t\t\t\t\t\t\t\t<\/div>\n\t\t\t\t\t\t\t\t\t\t\t\t\t\t\t\t\t\t\t\t\t<\/div>\n\t\t<\/div>\n\t\t\t\t<\/div>\n\t\t\t\t<\/div>\n\t\t\t\t<div class=\"elementor-element elementor-element-8e4151a elementor-widget__width-inherit elementor-widget elementor-widget-heading\" data-id=\"8e4151a\" data-element_type=\"widget\" data-widget_type=\"heading.default\">\n\t\t\t\t<div class=\"elementor-widget-container\">\n\t\t\t<h2 class=\"elementor-heading-title elementor-size-default\">O que fazemos?<\/h2>\t\t<\/div>\n\t\t\t\t<\/div>\n\t\t\t\t<div class=\"elementor-element elementor-element-e2dc2e6 elementor-widget__width-initial elementor-widget-mobile__width-inherit elementor-widget elementor-widget-text-editor\" data-id=\"e2dc2e6\" data-element_type=\"widget\" data-widget_type=\"text-editor.default\">\n\t\t\t\t<div class=\"elementor-widget-container\">\n\t\t\t\t\t\t\t<p>Oferecemos assessoria especializada a pa\u00edses em diversas \u00e1reas como doutrina militar, defesa civil, redu\u00e7\u00e3o de amea\u00e7as e gest\u00e3o de desastres.<\/p>\n<p>Tamb\u00e9m treinamos oficiais e oficiais de defesa atrav\u00e9s do\u00a0<a href=\"https:\/\/iadc.edu\/\" target=\"_blank\" rel=\"noopener noreferrer nofollow\">Col\u00e9gio Interamericano de Defesa<\/a>, nossa institui\u00e7\u00e3o educacional de p\u00f3s-gradua\u00e7\u00e3o com sede em Washington DC.<\/p>\n<p>Promovemos a troca de experi\u00eancias entre as For\u00e7as Armadas da regi\u00e3o atrav\u00e9s de reuni\u00f5es, semin\u00e1rios e publica\u00e7\u00f5es.<\/p>\n\t\t\t\t\t\t<\/div>\n\t\t\t\t<\/div>\n\t\t\t\t<div class=\"elementor-element elementor-element-c84c828 elementor-widget__width-inherit elementor-widget elementor-widget-heading\" data-id=\"c84c828\" data-element_type=\"widget\" data-widget_type=\"heading.default\">\n\t\t\t\t<div class=\"elementor-widget-container\">\n\t\t\t<h2 class=\"elementor-heading-title elementor-size-default\">Como nos organizamos?<\/h2>\t\t<\/div>\n\t\t\t\t<\/div>\n\t\t\t\t<div class=\"elementor-element elementor-element-61ed989 elementor-widget__width-initial elementor-widget-mobile__width-inherit elementor-widget elementor-widget-text-editor\" data-id=\"61ed989\" data-element_type=\"widget\" data-widget_type=\"text-editor.default\">\n\t\t\t\t<div class=\"elementor-widget-container\">\n\t\t\t\t\t\t\t<p>Nossos principais \u00f3rg\u00e3os s\u00e3o o\u00a0<a href=\"https:\/\/jid.org\/pt\/delegaciones\/\">Conselho de Delegados<\/a>, autoridade m\u00e1xima da JID e \u00f3rg\u00e3o representativo dos pa\u00edses membros, a Secretaria, respons\u00e1vel pela gest\u00e3o di\u00e1ria, e o Col\u00e9gio Interamericano de Defesa.\u00a0<a href=\"https:\/\/jid.org\/wp-content\/uploads\/2024\/03\/estrutura_jid_2024.png\">Ver estrutura<\/a>.<\/p>\n\t\t\t\t\t\t<\/div>\n\t\t\t\t<\/div>\n\t\t\t\t\t<\/div>\n\t\t\t\t<\/div>\n\t\t<div class=\"elementor-element elementor-element-6a161f6 e-flex e-con-boxed e-con e-parent\" data-id=\"6a161f6\" data-element_type=\"container\" data-settings=\"{&quot;background_background&quot;:&quot;classic&quot;}\" data-core-v316-plus=\"true\">\n\t\t\t\t\t<div class=\"e-con-inner\">\n\t\t\t\t<div class=\"elementor-element elementor-element-096de07 elementor-widget__width-initial elementor-view-default elementor-position-top elementor-mobile-position-top elementor-widget elementor-widget-icon-box\" data-id=\"096de07\" data-element_type=\"widget\" data-widget_type=\"icon-box.default\">\n\t\t\t\t<div class=\"elementor-widget-container\">\n\t\t\t<link rel=\"stylesheet\" href=\"https:\/\/jid.org\/wp-content\/plugins\/elementor\/assets\/css\/widget-icon-box.min.css\">\t\t<div class=\"elementor-icon-box-wrapper\">\n\t\t\t\t\t\t<div class=\"elementor-icon-box-icon\">\n\t\t\t\t<span  class=\"elementor-icon elementor-animation-\">\n\t\t\t\t<i aria-hidden=\"true\" class=\"fas fa-compress-arrows-alt\"><\/i>\t\t\t\t<\/span>\n\t\t\t<\/div>\n\t\t\t\t\t\t<div class=\"elementor-icon-box-content\">\n\t\t\t\t<h2 class=\"elementor-icon-box-title\">\n\t\t\t\t\t<span  >\n\t\t\t\t\t\tMiss\u00e3o\t\t\t\t\t<\/span>\n\t\t\t\t<\/h2>\n\t\t\t\t\t\t\t\t\t<p class=\"elementor-icon-box-description\">\n\t\t\t\t\t\tFornecer \u00e0 Organiza\u00e7\u00e3o dos Estados Americanos (OEA) e a seus Estados membros servi\u00e7os de assessoria t\u00e9cnica, consultiva e educacional em quest\u00f5es relacionadas com assuntos militares e de defesa no Hemisf\u00e9rio, a fim de contribuir para o cumprimento da Carta da OEA.\t\t\t\t\t<\/p>\n\t\t\t\t\t\t\t<\/div>\n\t\t<\/div>\n\t\t\t\t<\/div>\n\t\t\t\t<\/div>\n\t\t\t\t<div class=\"elementor-element elementor-element-5a657bb elementor-widget__width-initial elementor-view-default elementor-position-top elementor-mobile-position-top elementor-widget elementor-widget-icon-box\" data-id=\"5a657bb\" data-element_type=\"widget\" data-widget_type=\"icon-box.default\">\n\t\t\t\t<div class=\"elementor-widget-container\">\n\t\t\t\t\t<div class=\"elementor-icon-box-wrapper\">\n\t\t\t\t\t\t<div class=\"elementor-icon-box-icon\">\n\t\t\t\t<span  class=\"elementor-icon elementor-animation-\">\n\t\t\t\t<i aria-hidden=\"true\" class=\"fas fa-binoculars\"><\/i>\t\t\t\t<\/span>\n\t\t\t<\/div>\n\t\t\t\t\t\t<div class=\"elementor-icon-box-content\">\n\t\t\t\t<h2 class=\"elementor-icon-box-title\">\n\t\t\t\t\t<span  >\n\t\t\t\t\t\tVis\u00e3o\t\t\t\t\t<\/span>\n\t\t\t\t<\/h2>\n\t\t\t\t\t\t\t\t\t<p class=\"elementor-icon-box-description\">\n\t\t\t\t\t\tA vis\u00e3o do Conselho consiste em consolidar-se como uma organiza\u00e7\u00e3o internacional de excel\u00eancia t\u00e9cnica, educacional, consultiva e de coordena\u00e7\u00e3o em assuntos militares, de defesa e afins, projetando-se como uma entidade moderna, eficiente e proativa, que contribui decisivamente para o cumprimento da vis\u00e3o. da Organiza\u00e7\u00e3o dos Estados Americanos (OEA) e tornar-se a entidade facilitadora entre esta Organiza\u00e7\u00e3o, os Estados membros e a Organiza\u00e7\u00e3o Internacional de natureza semelhante\t\t\t\t\t<\/p>\n\t\t\t\t\t\t\t<\/div>\n\t\t<\/div>\n\t\t\t\t<\/div>\n\t\t\t\t<\/div>\n\t\t\t\t\t<\/div>\n\t\t\t\t<\/div>\n\t\t<div class=\"elementor-element elementor-element-5d93ab5 e-flex e-con-boxed e-con e-parent\" data-id=\"5d93ab5\" data-element_type=\"container\" data-core-v316-plus=\"true\">\n\t\t\t\t\t<div class=\"e-con-inner\">\n\t\t\t\t<div class=\"elementor-element elementor-element-d2eadc7 elementor-cta--valign-top elementor-widget__width-initial elementor-widget-mobile__width-inherit elementor-cta--skin-classic elementor-animated-content elementor-widget elementor-widget-call-to-action\" data-id=\"d2eadc7\" data-element_type=\"widget\" data-widget_type=\"call-to-action.default\">\n\t\t\t\t<div class=\"elementor-widget-container\">\n\t\t\t<link rel=\"stylesheet\" href=\"https:\/\/jid.org\/wp-content\/plugins\/elementor-pro\/assets\/css\/widget-call-to-action.min.css\">\t\t<div class=\"elementor-cta\">\n\t\t\t\t\t\t\t<div class=\"elementor-cta__content\">\n\t\t\t\t\n\t\t\t\t\t\t\t\t\t<h2 class=\"elementor-cta__title elementor-cta__content-item elementor-content-item\">\n\t\t\t\t\t\tEstrutura organizacional\t\t\t\t\t<\/h2>\n\t\t\t\t\n\t\t\t\t\t\t\t\t\t<div class=\"elementor-cta__description elementor-cta__content-item elementor-content-item\">\n\t\t\t\t\t\tConhe\u00e7a os nossos \u00f3rg\u00e3os sociais, departamentos e se\u00e7\u00f5es.\t\t\t\t\t<\/div>\n\t\t\t\t\n\t\t\t\t\t\t\t\t\t<div class=\"elementor-cta__button-wrapper elementor-cta__content-item elementor-content-item\">\n\t\t\t\t\t<a class=\"elementor-cta__button elementor-button elementor-size-md\" href=\"https:\/\/jid.org\/pt\/estructura-2\/\">\n\t\t\t\t\t\tEstrutura\t\t\t\t\t<\/a>\n\t\t\t\t\t<\/div>\n\t\t\t\t\t\t\t<\/div>\n\t\t\t\t\t\t<\/div>\n\t\t\t\t<\/div>\n\t\t\t\t<\/div>\n\t\t\t\t<div class=\"elementor-element elementor-element-41ba9d3 elementor-cta--valign-top elementor-widget__width-initial elementor-widget-mobile__width-inherit elementor-cta--skin-classic elementor-animated-content elementor-widget elementor-widget-call-to-action\" data-id=\"41ba9d3\" data-element_type=\"widget\" data-widget_type=\"call-to-action.default\">\n\t\t\t\t<div class=\"elementor-widget-container\">\n\t\t\t\t\t<div class=\"elementor-cta\">\n\t\t\t\t\t\t\t<div class=\"elementor-cta__content\">\n\t\t\t\t\n\t\t\t\t\t\t\t\t\t<h2 class=\"elementor-cta__title elementor-cta__content-item elementor-content-item\">\n\t\t\t\t\t\tHist\u00f3ria da JID\t\t\t\t\t<\/h2>\n\t\t\t\t\n\t\t\t\t\t\t\t\t\t<div class=\"elementor-cta__description elementor-cta__content-item elementor-content-item\">\n\t\t\t\t\t\tPrincipais eventos e marcos na hist\u00f3ria e evolu\u00e7\u00e3o da JID.\t\t\t\t\t<\/div>\n\t\t\t\t\n\t\t\t\t\t\t\t\t\t<div class=\"elementor-cta__button-wrapper elementor-cta__content-item elementor-content-item\">\n\t\t\t\t\t<a class=\"elementor-cta__button elementor-button elementor-size-md\" href=\"https:\/\/jid.org\/pt\/historia\/\">\n\t\t\t\t\t\tHist\u00f3ria\t\t\t\t\t<\/a>\n\t\t\t\t\t<\/div>\n\t\t\t\t\t\t\t<\/div>\n\t\t\t\t\t\t<\/div>\n\t\t\t\t<\/div>\n\t\t\t\t<\/div>\n\t\t\t\t<div class=\"elementor-element elementor-element-3a4f3ee elementor-cta--valign-top elementor-widget__width-initial elementor-widget-mobile__width-inherit elementor-cta--skin-classic elementor-animated-content elementor-widget elementor-widget-call-to-action\" data-id=\"3a4f3ee\" data-element_type=\"widget\" data-widget_type=\"call-to-action.default\">\n\t\t\t\t<div class=\"elementor-widget-container\">\n\t\t\t\t\t<div class=\"elementor-cta\">\n\t\t\t\t\t\t\t<div class=\"elementor-cta__content\">\n\t\t\t\t\n\t\t\t\t\t\t\t\t\t<h2 class=\"elementor-cta__title elementor-cta__content-item elementor-content-item\">\n\t\t\t\t\t\tGaleria de ex-diretores\t\t\t\t\t<\/h2>\n\t\t\t\t\n\t\t\t\t\t\t\t\t\t<div class=\"elementor-cta__description elementor-cta__content-item elementor-content-item\">\n\t\t\t\t\t\tConhe\u00e7a os diretores que orientaram os destinos da JID.\t\t\t\t\t<\/div>\n\t\t\t\t\n\t\t\t\t\t\t\t\t\t<div class=\"elementor-cta__button-wrapper elementor-cta__content-item elementor-content-item\">\n\t\t\t\t\t<a class=\"elementor-cta__button elementor-button elementor-size-md\" href=\"https:\/\/jid.org\/pt\/galeria-de-ex-directores\/\">\n\t\t\t\t\t\tGaleria\t\t\t\t\t<\/a>\n\t\t\t\t\t<\/div>\n\t\t\t\t\t\t\t<\/div>\n\t\t\t\t\t\t<\/div>\n\t\t\t\t<\/div>\n\t\t\t\t<\/div>\n\t\t\t\t\t<\/div>\n\t\t\t\t<\/div>\n\t\t\t\t<\/div>","protected":false},"excerpt":{"rendered":"<p>Come\u00e7ar \/*! Elementor \u2013 v3.19.0 \u2013 28\/02\/2024 *\/ .elementor-heading-title{padding:0;margin:0;line-height:1}.elementor-widget-heading .elementor-heading-title[class*=elementor-size-]&gt;a{color:inherit;font-size:inherit;line-height:inherit}.elementor-widget-heading .elementor-heading-title.elementor-size-small{font-size:15px}.elementor-widget-heading .elementor-heading-title.elementor-size-medium{font-size:19px}.elementor-widget-heading .elementor-heading-title.elementor-size-large{font-size:29px}.elementor-widget-heading .elementor-heading-title.elementor-size-xl{font-size:39px}.elementor-widget-heading .elementor-heading-title.elementor-size-xxl{font-size:59px} Quem somos? O que fazemos? Como nos organizamos? Miss\u00e3o Vis\u00e3o Estrutura Organizacional Saiba mais sobre nossos \u00f3rg\u00e3os de governo, departamentos e se\u00e7\u00f5es. Estrutura Hist\u00f3ria do BID Principais eventos e marcos na hist\u00f3ria e evolu\u00e7\u00e3o do BID. Hist\u00f3ria Galeria de Ex-Diretores [\u2026]<\/p>","protected":false},"author":28,"featured_media":0,"parent":0,"menu_order":0,"comment_status":"closed","ping_status":"closed","template":"","meta":{"footnotes":""},"class_list":["post-39344","page","type-page","status-publish","hentry"],"_links":{"self":[{"href":"https:\/\/jid.org\/pt\/wp-json\/wp\/v2\/pages\/39344","targetHints":{"allow":["GET"]}}],"collection":[{"href":"https:\/\/jid.org\/pt\/wp-json\/wp\/v2\/pages"}],"about":[{"href":"https:\/\/jid.org\/pt\/wp-json\/wp\/v2\/types\/page"}],"author":[{"embeddable":true,"href":"https:\/\/jid.org\/pt\/wp-json\/wp\/v2\/users\/28"}],"replies":[{"embeddable":true,"href":"https:\/\/jid.org\/pt\/wp-json\/wp\/v2\/comments?post=39344"}],"version-history":[{"count":297,"href":"https:\/\/jid.org\/pt\/wp-json\/wp\/v2\/pages\/39344\/revisions"}],"predecessor-version":[{"id":45473,"href":"https:\/\/jid.org\/pt\/wp-json\/wp\/v2\/pages\/39344\/revisions\/45473"}],"wp:attachment":[{"href":"https:\/\/jid.org\/pt\/wp-json\/wp\/v2\/media?parent=39344"}],"curies":[{"name":"wp","href":"https:\/\/api.w.org\/{rel}","templated":true}]}}