{"id":795,"date":"2018-04-30T01:44:48","date_gmt":"2018-04-30T04:44:48","guid":{"rendered":"https:\/\/opanlcom-cp6.wordpresstemporal.com\/JID\/?page_id=795"},"modified":"2018-09-05T12:18:06","modified_gmt":"2018-09-05T16:18:06","slug":"colegio-interamericano-de-defensa","status":"publish","type":"page","link":"https:\/\/jid.org\/pt\/colegio-interamericano-de-defensa\/","title":{"rendered":"Col\u00e9gio Interamericano de Defesa"},"content":{"rendered":"<p style=\"text-align: justify;\"><img fetchpriority=\"high\" decoding=\"async\" class=\"size-medium wp-image-799 alignleft\" src=\".\/wp-content\/uploads\/2018\/04\/CID-300x198.jpg\" alt=\"\" width=\"300\" height=\"198\" srcset=\"https:\/\/jid.org\/wp-content\/uploads\/2018\/04\/CID-300x198.jpg 300w, https:\/\/jid.org\/wp-content\/uploads\/2018\/04\/CID.jpg 561w\" sizes=\"(max-width: 300px) 100vw, 300px\" \/>El Colegio Interamericano de Defensa est\u00e1 ubicado en el Fuerte Lesley J. McNair y se inaugur\u00f3 oficialmente el 9 de octubre de 1962 cuando el Secretario de Estado de los Estados Unidos, Dean Rusk, entreg\u00f3 el edificio y los muebles interiores en nombre del gobierno de los Estados Unidos. O Doutor Jos\u00e9 A. Mora, ent\u00e3o Secret\u00e1rio-Geral da Organiza\u00e7\u00e3o dos Estados Americanos, foi o principal orador da cerim\u00f4nia de inaugura\u00e7\u00e3o. A primeira turma, composta por 29 alunos representando 15 pa\u00edses americanos, recebeu seus diplomas em 20 de mar\u00e7o de 1963 quando o vice-presidente dos Estados Unidos, Lyndon B. Johnson, fez o discurso de formatura e apresentou os diplomas.<\/p>\n<p style=\"text-align: justify;\">O CID \u00e9 um instituto educacional internacional que depende e recebe financiamento da OEA e da Junta Interamericana de Defesa. Aproveita os centros acad\u00eamicos e de pesquisa da cidade de Washington para ministrar seus cursos al\u00e9m de realizar viagens acad\u00eamicas externas a pa\u00edses americanos. O CID \u00e9 uma institui\u00e7\u00e3o \u00fanica no Hemisf\u00e9rio Ocidental no sentido de que tanto os professores como os alunos s\u00e3o de composi\u00e7\u00e3o internacional. A ampla participa\u00e7\u00e3o internacional oferece uma oportunidade extraordin\u00e1ria para o interc\u00e2mbio de ideias, al\u00e9m de criar uma base s\u00f3lida para promover uma melhor compreens\u00e3o do sistema interamericano. A estreita colabora\u00e7\u00e3o entre professores e alunos promove uma estreita coopera\u00e7\u00e3o profissional e pessoal, pois \u00e9 enriquecida pela presen\u00e7a de alunos de diversas origens.<\/p>\n<p style=\"text-align: justify;\">Cada pa\u00eds membro da OEA pode apresentar candidatos para serem estudantes do CID. Desde a sua cria\u00e7\u00e3o, mais de 2.669 estudantes de 26 pa\u00edses se formaram na Faculdade. Mais de 40 por cento dos graduados foram promovidos ao posto de general, almirante ou equivalente civil para ocupar cargos de lideran\u00e7a nos seus respectivos pa\u00edses. Como pode ser percebido pelos egressos, o Col\u00e9gio prepara pessoas muito talentosas para posteriormente ocuparem importantes cargos de gest\u00e3o no continente americano.<\/p>\n<p>Lugar: <a href=\"http:\/\/www.iadc.edu\/spa\/\" target=\"_blank\" rel=\"noopener noreferrer nofollow\">http:\/\/www.iadc.edu\/spa\/<\/a><\/p>","protected":false},"excerpt":{"rendered":"<p>El Colegio Interamericano de Defensa est\u00e1 ubicado en el Fuerte Lesley J. McNair y se inaugur\u00f3 oficialmente el 9 de octubre de 1962 cuando el Secretario de Estado de los Estados Unidos, Dean Rusk, entreg\u00f3 el edificio y los muebles interiores en nombre del gobierno de los Estados Unidos. Doutor Jos\u00e9 A. Mora, ent\u00e3o [\u2026]<\/p>","protected":false},"author":28,"featured_media":0,"parent":0,"menu_order":0,"comment_status":"closed","ping_status":"closed","template":"","meta":{"footnotes":""},"class_list":["post-795","page","type-page","status-publish","hentry"],"_links":{"self":[{"href":"https:\/\/jid.org\/pt\/wp-json\/wp\/v2\/pages\/795","targetHints":{"allow":["GET"]}}],"collection":[{"href":"https:\/\/jid.org\/pt\/wp-json\/wp\/v2\/pages"}],"about":[{"href":"https:\/\/jid.org\/pt\/wp-json\/wp\/v2\/types\/page"}],"author":[{"embeddable":true,"href":"https:\/\/jid.org\/pt\/wp-json\/wp\/v2\/users\/28"}],"replies":[{"embeddable":true,"href":"https:\/\/jid.org\/pt\/wp-json\/wp\/v2\/comments?post=795"}],"version-history":[{"count":0,"href":"https:\/\/jid.org\/pt\/wp-json\/wp\/v2\/pages\/795\/revisions"}],"wp:attachment":[{"href":"https:\/\/jid.org\/pt\/wp-json\/wp\/v2\/media?parent=795"}],"curies":[{"name":"wp","href":"https:\/\/api.w.org\/{rel}","templated":true}]}}